{"id":14567,"date":"2025-12-17T10:46:51","date_gmt":"2025-12-17T10:46:51","guid":{"rendered":"https:\/\/univet.rstheme.com\/red\/?page_id=14567"},"modified":"2026-03-18T12:34:44","modified_gmt":"2026-03-18T12:34:44","slug":"blog","status":"publish","type":"page","link":"https:\/\/fluxodigital.fuvigo.com\/index.php\/blog\/","title":{"rendered":"Blog"},"content":{"rendered":"\t\t<div data-elementor-type=\"wp-page\" data-elementor-id=\"14567\" class=\"elementor elementor-14567\">\n\t\t\t\t<div data-aos-once=\"true\" class=\"elementor-element elementor-element-fed3244 e-flex e-con-boxed e-con e-parent\" data-id=\"fed3244\" data-element_type=\"container\" data-e-type=\"container\" data-settings=\"{&quot;background_background&quot;:&quot;classic&quot;}\">\n\t\t\t\t\t<div class=\"e-con-inner\">\n\t\t\t\t<div data-aos-once=\"true\" class=\"elementor-element elementor-element-f47319e elementor-widget__width-initial elementor-widget-laptop__width-initial elementor-widget-tablet__width-inherit elementor-widget elementor-widget-rstb-page-title\" data-id=\"f47319e\" data-element_type=\"widget\" data-e-type=\"widget\" data-widget_type=\"rstb-page-title.default\">\n\t\t\t\t\t<h1 class=\"rstb-page-title\"><\/h1>\t\t\t\t<\/div>\n\t\t\t\t<div data-aos-once=\"true\" class=\"elementor-element elementor-element-d77851b elementor-widget elementor-widget-rs-divider\" data-id=\"d77851b\" data-element_type=\"widget\" data-e-type=\"widget\" data-widget_type=\"rs-divider.default\">\n\t\t\t\t\t        <div class=\"rs-divider dot-enable\">\r\n            <span> <\/span>\r\n\t\t\t        <\/div>\r\n\t\t\t\t\t\t<\/div>\n\t\t\t\t\t<\/div>\n\t\t\t\t<\/div>\n\t\t<div data-aos-once=\"true\" class=\"elementor-element elementor-element-3fdd47f e-flex e-con-boxed e-con e-parent\" data-id=\"3fdd47f\" data-element_type=\"container\" data-e-type=\"container\">\n\t\t\t\t\t<div class=\"e-con-inner\">\n\t\t<div data-aos-once=\"true\" class=\"elementor-element elementor-element-5116bf8 e-con-full e-flex e-con e-child\" data-id=\"5116bf8\" data-element_type=\"container\" data-e-type=\"container\">\n\t\t\t\t<div data-aos-once=\"true\" class=\"elementor-element elementor-element-465be85 rs-thumb-top elementor-widget elementor-widget-rs-blog-posts\" data-id=\"465be85\" data-element_type=\"widget\" data-e-type=\"widget\" data-widget_type=\"rs-blog-posts.default\">\n\t\t\t\t\t<span>Sorry, no posts found.<\/span>\t\t\t\t<\/div>\n\t\t\t\t<\/div>\n\t\t\t\t\t<\/div>\n\t\t\t\t<\/div>\n\t\t\t\t<\/div>\n\t\t","protected":false},"excerpt":{"rendered":"<p>Uncategorized Mar\u00e7o 4, 2026 Hello world! admin Research Dezembro 9, 2025 Univet Scholars Making Remarkable Research admin Educations Dezembro 9, 2025 Advancing Knowledge Through Student Research admin Alumni Dezembro 9, 2025 The Future of Science and Technology on Campus admin Alumni Dezembro 9, 2025 Alumni Success Stories From Campus to Global Impact admin Alumni Dezembro [&hellip;]<\/p>\n","protected":false},"author":1,"featured_media":0,"parent":0,"menu_order":0,"comment_status":"closed","ping_status":"closed","template":"","meta":{"footnotes":""},"class_list":["post-14567","page","type-page","status-publish","hentry"],"yoast_head":"<!-- This site is optimized with the Yoast SEO plugin v27.5 - https:\/\/yoast.com\/product\/yoast-seo-wordpress\/ -->\n<title>Blog - Funda\u00e7\u00e3o Vieira Gomes<\/title>\n<meta name=\"robots\" content=\"index, follow, max-snippet:-1, max-image-preview:large, max-video-preview:-1\" \/>\n<link rel=\"canonical\" href=\"https:\/\/fluxodigital.fuvigo.com\/index.php\/blog\/\" \/>\n<meta property=\"og:locale\" content=\"pt_PT\" \/>\n<meta property=\"og:type\" content=\"article\" \/>\n<meta property=\"og:title\" content=\"Blog - Funda\u00e7\u00e3o Vieira Gomes\" \/>\n<meta property=\"og:description\" content=\"Uncategorized Mar\u00e7o 4, 2026 Hello world! admin Research Dezembro 9, 2025 Univet Scholars Making Remarkable Research admin Educations Dezembro 9, 2025 Advancing Knowledge Through Student Research admin Alumni Dezembro 9, 2025 The Future of Science and Technology on Campus admin Alumni Dezembro 9, 2025 Alumni Success Stories From Campus to Global Impact admin Alumni Dezembro [&hellip;]\" \/>\n<meta property=\"og:url\" content=\"https:\/\/fluxodigital.fuvigo.com\/index.php\/blog\/\" \/>\n<meta property=\"og:site_name\" content=\"Funda\u00e7\u00e3o Vieira Gomes\" \/>\n<meta property=\"article:modified_time\" content=\"2026-03-18T12:34:44+00:00\" \/>\n<meta property=\"og:image\" content=\"https:\/\/secure.gravatar.com\/avatar\/8302a77faf542dc6b87533211b8d017ac0ed3793ed968182ee7a8a0925f6c10c?s=96&#038;d=mm&#038;r=g\" \/>\n<meta name=\"twitter:card\" content=\"summary_large_image\" \/>\n<meta name=\"twitter:label1\" content=\"Tempo estimado de leitura\" \/>\n\t<meta name=\"twitter:data1\" content=\"4 minutos\" \/>\n<script type=\"application\/ld+json\" class=\"yoast-schema-graph\">{\"@context\":\"https:\\\/\\\/schema.org\",\"@graph\":[{\"@type\":\"WebPage\",\"@id\":\"https:\\\/\\\/fluxodigital.fuvigo.com\\\/index.php\\\/blog\\\/\",\"url\":\"https:\\\/\\\/fluxodigital.fuvigo.com\\\/index.php\\\/blog\\\/\",\"name\":\"Blog - Funda\u00e7\u00e3o Vieira Gomes\",\"isPartOf\":{\"@id\":\"https:\\\/\\\/fluxodigital.fuvigo.com\\\/#website\"},\"primaryImageOfPage\":{\"@id\":\"https:\\\/\\\/fluxodigital.fuvigo.com\\\/index.php\\\/blog\\\/#primaryimage\"},\"image\":{\"@id\":\"https:\\\/\\\/fluxodigital.fuvigo.com\\\/index.php\\\/blog\\\/#primaryimage\"},\"thumbnailUrl\":\"https:\\\/\\\/secure.gravatar.com\\\/avatar\\\/8302a77faf542dc6b87533211b8d017ac0ed3793ed968182ee7a8a0925f6c10c?s=96&#038;d=mm&#038;r=g\",\"datePublished\":\"2025-12-17T10:46:51+00:00\",\"dateModified\":\"2026-03-18T12:34:44+00:00\",\"breadcrumb\":{\"@id\":\"https:\\\/\\\/fluxodigital.fuvigo.com\\\/index.php\\\/blog\\\/#breadcrumb\"},\"inLanguage\":\"pt-PT\",\"potentialAction\":[{\"@type\":\"ReadAction\",\"target\":[\"https:\\\/\\\/fluxodigital.fuvigo.com\\\/index.php\\\/blog\\\/\"]}]},{\"@type\":\"ImageObject\",\"inLanguage\":\"pt-PT\",\"@id\":\"https:\\\/\\\/fluxodigital.fuvigo.com\\\/index.php\\\/blog\\\/#primaryimage\",\"url\":\"https:\\\/\\\/secure.gravatar.com\\\/avatar\\\/8302a77faf542dc6b87533211b8d017ac0ed3793ed968182ee7a8a0925f6c10c?s=96&#038;d=mm&#038;r=g\",\"contentUrl\":\"https:\\\/\\\/secure.gravatar.com\\\/avatar\\\/8302a77faf542dc6b87533211b8d017ac0ed3793ed968182ee7a8a0925f6c10c?s=96&#038;d=mm&#038;r=g\"},{\"@type\":\"BreadcrumbList\",\"@id\":\"https:\\\/\\\/fluxodigital.fuvigo.com\\\/index.php\\\/blog\\\/#breadcrumb\",\"itemListElement\":[{\"@type\":\"ListItem\",\"position\":1,\"name\":\"In\u00edcio\",\"item\":\"https:\\\/\\\/fluxodigital.fuvigo.com\\\/\"},{\"@type\":\"ListItem\",\"position\":2,\"name\":\"Blog\"}]},{\"@type\":\"WebSite\",\"@id\":\"https:\\\/\\\/fluxodigital.fuvigo.com\\\/#website\",\"url\":\"https:\\\/\\\/fluxodigital.fuvigo.com\\\/\",\"name\":\"Funda\u00e7\u00e3o Vieira Gomes\",\"description\":\"\",\"potentialAction\":[{\"@type\":\"SearchAction\",\"target\":{\"@type\":\"EntryPoint\",\"urlTemplate\":\"https:\\\/\\\/fluxodigital.fuvigo.com\\\/?s={search_term_string}\"},\"query-input\":{\"@type\":\"PropertyValueSpecification\",\"valueRequired\":true,\"valueName\":\"search_term_string\"}}],\"inLanguage\":\"pt-PT\"}]}<\/script>\n<!-- \/ Yoast SEO plugin. -->","yoast_head_json":{"title":"Blog - Funda\u00e7\u00e3o Vieira Gomes","robots":{"index":"index","follow":"follow","max-snippet":"max-snippet:-1","max-image-preview":"max-image-preview:large","max-video-preview":"max-video-preview:-1"},"canonical":"https:\/\/fluxodigital.fuvigo.com\/index.php\/blog\/","og_locale":"pt_PT","og_type":"article","og_title":"Blog - Funda\u00e7\u00e3o Vieira Gomes","og_description":"Uncategorized Mar\u00e7o 4, 2026 Hello world! admin Research Dezembro 9, 2025 Univet Scholars Making Remarkable Research admin Educations Dezembro 9, 2025 Advancing Knowledge Through Student Research admin Alumni Dezembro 9, 2025 The Future of Science and Technology on Campus admin Alumni Dezembro 9, 2025 Alumni Success Stories From Campus to Global Impact admin Alumni Dezembro [&hellip;]","og_url":"https:\/\/fluxodigital.fuvigo.com\/index.php\/blog\/","og_site_name":"Funda\u00e7\u00e3o Vieira Gomes","article_modified_time":"2026-03-18T12:34:44+00:00","og_image":[{"url":"https:\/\/secure.gravatar.com\/avatar\/8302a77faf542dc6b87533211b8d017ac0ed3793ed968182ee7a8a0925f6c10c?s=96&#038;d=mm&#038;r=g","type":"","width":"","height":""}],"twitter_card":"summary_large_image","twitter_misc":{"Tempo estimado de leitura":"4 minutos"},"schema":{"@context":"https:\/\/schema.org","@graph":[{"@type":"WebPage","@id":"https:\/\/fluxodigital.fuvigo.com\/index.php\/blog\/","url":"https:\/\/fluxodigital.fuvigo.com\/index.php\/blog\/","name":"Blog - Funda\u00e7\u00e3o Vieira Gomes","isPartOf":{"@id":"https:\/\/fluxodigital.fuvigo.com\/#website"},"primaryImageOfPage":{"@id":"https:\/\/fluxodigital.fuvigo.com\/index.php\/blog\/#primaryimage"},"image":{"@id":"https:\/\/fluxodigital.fuvigo.com\/index.php\/blog\/#primaryimage"},"thumbnailUrl":"https:\/\/secure.gravatar.com\/avatar\/8302a77faf542dc6b87533211b8d017ac0ed3793ed968182ee7a8a0925f6c10c?s=96&#038;d=mm&#038;r=g","datePublished":"2025-12-17T10:46:51+00:00","dateModified":"2026-03-18T12:34:44+00:00","breadcrumb":{"@id":"https:\/\/fluxodigital.fuvigo.com\/index.php\/blog\/#breadcrumb"},"inLanguage":"pt-PT","potentialAction":[{"@type":"ReadAction","target":["https:\/\/fluxodigital.fuvigo.com\/index.php\/blog\/"]}]},{"@type":"ImageObject","inLanguage":"pt-PT","@id":"https:\/\/fluxodigital.fuvigo.com\/index.php\/blog\/#primaryimage","url":"https:\/\/secure.gravatar.com\/avatar\/8302a77faf542dc6b87533211b8d017ac0ed3793ed968182ee7a8a0925f6c10c?s=96&#038;d=mm&#038;r=g","contentUrl":"https:\/\/secure.gravatar.com\/avatar\/8302a77faf542dc6b87533211b8d017ac0ed3793ed968182ee7a8a0925f6c10c?s=96&#038;d=mm&#038;r=g"},{"@type":"BreadcrumbList","@id":"https:\/\/fluxodigital.fuvigo.com\/index.php\/blog\/#breadcrumb","itemListElement":[{"@type":"ListItem","position":1,"name":"In\u00edcio","item":"https:\/\/fluxodigital.fuvigo.com\/"},{"@type":"ListItem","position":2,"name":"Blog"}]},{"@type":"WebSite","@id":"https:\/\/fluxodigital.fuvigo.com\/#website","url":"https:\/\/fluxodigital.fuvigo.com\/","name":"Funda\u00e7\u00e3o Vieira Gomes","description":"","potentialAction":[{"@type":"SearchAction","target":{"@type":"EntryPoint","urlTemplate":"https:\/\/fluxodigital.fuvigo.com\/?s={search_term_string}"},"query-input":{"@type":"PropertyValueSpecification","valueRequired":true,"valueName":"search_term_string"}}],"inLanguage":"pt-PT"}]}},"_links":{"self":[{"href":"https:\/\/fluxodigital.fuvigo.com\/index.php\/wp-json\/wp\/v2\/pages\/14567","targetHints":{"allow":["GET"]}}],"collection":[{"href":"https:\/\/fluxodigital.fuvigo.com\/index.php\/wp-json\/wp\/v2\/pages"}],"about":[{"href":"https:\/\/fluxodigital.fuvigo.com\/index.php\/wp-json\/wp\/v2\/types\/page"}],"author":[{"embeddable":true,"href":"https:\/\/fluxodigital.fuvigo.com\/index.php\/wp-json\/wp\/v2\/users\/1"}],"replies":[{"embeddable":true,"href":"https:\/\/fluxodigital.fuvigo.com\/index.php\/wp-json\/wp\/v2\/comments?post=14567"}],"version-history":[{"count":5,"href":"https:\/\/fluxodigital.fuvigo.com\/index.php\/wp-json\/wp\/v2\/pages\/14567\/revisions"}],"predecessor-version":[{"id":172593,"href":"https:\/\/fluxodigital.fuvigo.com\/index.php\/wp-json\/wp\/v2\/pages\/14567\/revisions\/172593"}],"wp:attachment":[{"href":"https:\/\/fluxodigital.fuvigo.com\/index.php\/wp-json\/wp\/v2\/media?parent=14567"}],"curies":[{"name":"wp","href":"https:\/\/api.w.org\/{rel}","templated":true}]}}