{"id":172269,"date":"2026-03-12T15:51:05","date_gmt":"2026-03-12T15:51:05","guid":{"rendered":"https:\/\/fluxodigital.fuvigo.com\/?page_id=172269"},"modified":"2026-03-12T15:51:46","modified_gmt":"2026-03-12T15:51:46","slug":"politica-cookies","status":"publish","type":"page","link":"https:\/\/fluxodigital.fuvigo.com\/index.php\/politica-cookies\/","title":{"rendered":"Pol\u00edtica Cookies"},"content":{"rendered":"\t\t<div data-elementor-type=\"wp-page\" data-elementor-id=\"172269\" class=\"elementor elementor-172269\">\n\t\t\t\t<div data-aos-once=\"true\" class=\"elementor-element elementor-element-8a93995 e-flex e-con-boxed e-con e-parent\" data-id=\"8a93995\" data-element_type=\"container\" data-e-type=\"container\">\n\t\t\t\t\t<div class=\"e-con-inner\">\n\t\t\t\t<div data-aos-once=\"true\" class=\"elementor-element elementor-element-9a5cbfd elementor-widget elementor-widget-spacer\" data-id=\"9a5cbfd\" data-element_type=\"widget\" data-e-type=\"widget\" data-widget_type=\"spacer.default\">\n\t\t\t\t\t\t\t<div class=\"elementor-spacer\">\n\t\t\t<div class=\"elementor-spacer-inner\"><\/div>\n\t\t<\/div>\n\t\t\t\t\t\t<\/div>\n\t\t\t\t\t<\/div>\n\t\t\t\t<\/div>\n\t\t<div data-aos-once=\"true\" class=\"elementor-element elementor-element-bd204cb e-flex e-con-boxed e-con e-parent\" data-id=\"bd204cb\" data-element_type=\"container\" data-e-type=\"container\">\n\t\t\t\t\t<div class=\"e-con-inner\">\n\t\t\t\t<div data-aos-once=\"true\" class=\"elementor-element elementor-element-9c4ac37 elementor-widget elementor-widget-heading\" data-id=\"9c4ac37\" data-element_type=\"widget\" data-e-type=\"widget\" data-widget_type=\"heading.default\">\n\t\t\t\t\t<h1 class=\"elementor-heading-title elementor-size-default\">Pol\u00edtica de cookies<\/h1>\t\t\t\t<\/div>\n\t\t\t\t\t<\/div>\n\t\t\t\t<\/div>\n\t\t<div data-aos-once=\"true\" class=\"elementor-element elementor-element-4d06a13 e-flex e-con-boxed e-con e-parent\" data-id=\"4d06a13\" data-element_type=\"container\" data-e-type=\"container\">\n\t\t\t\t\t<div class=\"e-con-inner\">\n\t\t\t\t<div data-aos-once=\"true\" class=\"elementor-element elementor-element-e7641f1 elementor-widget elementor-widget-text-editor\" data-id=\"e7641f1\" data-element_type=\"widget\" data-e-type=\"widget\" data-widget_type=\"text-editor.default\">\n\t\t\t\t\t\t\t\t\t<div class=\"flex flex-col text-sm pb-25\"><article class=\"text-token-text-primary w-full focus:outline-none [--shadow-height:45px] has-data-writing-block:pointer-events-none has-data-writing-block:-mt-(--shadow-height) has-data-writing-block:pt-(--shadow-height) [&amp;:has([data-writing-block])&gt;*]:pointer-events-auto scroll-mt-[calc(var(--header-height)+min(200px,max(70px,20svh)))]\" dir=\"auto\" tabindex=\"-1\" data-turn-id=\"request-69a5af8e-1d8c-832a-aed6-4b5ff6158032-14\" data-testid=\"conversation-turn-60\" data-scroll-anchor=\"true\" data-turn=\"assistant\"><div class=\"text-base my-auto mx-auto pb-10 [--thread-content-margin:var(--thread-content-margin-xs,calc(var(--spacing)*4))] @w-sm\/main:[--thread-content-margin:var(--thread-content-margin-sm,calc(var(--spacing)*6))] @w-lg\/main:[--thread-content-margin:var(--thread-content-margin-lg,calc(var(--spacing)*16))] px-(--thread-content-margin)\"><div class=\"[--thread-content-max-width:40rem] @w-lg\/main:[--thread-content-max-width:48rem] mx-auto max-w-(--thread-content-max-width) flex-1 group\/turn-messages focus-visible:outline-hidden relative flex w-full min-w-0 flex-col agent-turn\" tabindex=\"-1\"><div class=\"flex max-w-full flex-col gap-4 grow\"><div class=\"min-h-8 text-message relative flex w-full flex-col items-end gap-2 text-start break-words whitespace-normal [.text-message+&amp;]:mt-1\" dir=\"auto\" data-message-author-role=\"assistant\" data-message-id=\"d8871bcc-b083-4baf-b93b-6acabc7f0bb0\" data-message-model-slug=\"gpt-5-3\"><div class=\"flex w-full flex-col gap-1 empty:hidden\"><div class=\"markdown prose dark:prose-invert w-full wrap-break-word light markdown-new-styling\"><p>Os cookies s\u00e3o arquivos que podem ser descarregados para o seu computador atrav\u00e9s de p\u00e1ginas web.<\/p><p>S\u00e3o ferramentas que s\u00e3o essenciais para a presta\u00e7\u00e3o de muitos servi\u00e7os no papel da sociedade da informa\u00e7\u00e3o. Entre outras coisas, permitir que um site possa armazenar e recuperar informa\u00e7\u00f5es sobre os h\u00e1bitos de navega\u00e7\u00e3o de um utilizador ou computador, dependendo da informa\u00e7\u00e3o obtida, poder\u00e1 ser usada para reconhecer e melhorar o servi\u00e7o prestado.\u00a0<\/p><h3>Tipos de cookies<\/h3><\/div><p>Dependendo de quem \u00e9 a entidade que gere o dom\u00ednio do qual os cookies s\u00e3o enviados, existem dois tipos: as cookies pr\u00f3prias e as cookies de terceiros.<\/p><p>Existe tamb\u00e9m uma segunda classifica\u00e7\u00e3o de acordo com o per\u00edodo de tempo que eles permanecem armazenados no navegador do cliente, que pode ser de cookies de sess\u00e3o ou cookies persistentes.<\/p><p>Finalmente, h\u00e1 uma outra classifica\u00e7\u00e3o de cinco tipos de cookies de acordo com a finalidade para a qual os dados s\u00e3o processados: cookies t\u00e9cnicas de personaliza\u00e7\u00e3o, an\u00e1lise cookies, cookies para publicidade comportamental.<\/p><\/div><\/div><\/div><\/div><\/div><\/article><\/div>\t\t\t\t\t\t\t\t<\/div>\n\t\t\t\t\t<\/div>\n\t\t\t\t<\/div>\n\t\t<div data-aos-once=\"true\" class=\"elementor-element elementor-element-3eefa26 e-flex e-con-boxed e-con e-parent\" data-id=\"3eefa26\" data-element_type=\"container\" data-e-type=\"container\">\n\t\t\t\t\t<div class=\"e-con-inner\">\n\t\t\t\t<div data-aos-once=\"true\" class=\"elementor-element elementor-element-da72c64 elementor-widget elementor-widget-heading\" data-id=\"da72c64\" data-element_type=\"widget\" data-e-type=\"widget\" data-widget_type=\"heading.default\">\n\t\t\t\t\t<h3 class=\"elementor-heading-title elementor-size-default\">Cookies utilizadas na web<\/h3>\t\t\t\t<\/div>\n\t\t\t\t\t<\/div>\n\t\t\t\t<\/div>\n\t\t<div data-aos-once=\"true\" class=\"elementor-element elementor-element-d81bc41 e-flex e-con-boxed e-con e-parent\" data-id=\"d81bc41\" data-element_type=\"container\" data-e-type=\"container\">\n\t\t\t\t\t<div class=\"e-con-inner\">\n\t\t\t\t<div data-aos-once=\"true\" class=\"elementor-element elementor-element-58c1897 elementor-widget elementor-widget-text-editor\" data-id=\"58c1897\" data-element_type=\"widget\" data-e-type=\"widget\" data-widget_type=\"text-editor.default\">\n\t\t\t\t\t\t\t\t\t<p>O site usa o Google Analytics, um servi\u00e7o de an\u00e1lise da web desenvolvido pela Google, que permite a medi\u00e7\u00e3o e an\u00e1lise de navega\u00e7\u00e3o em sites. De acordo com a tipologia acima este possui os seus pr\u00f3prios cookies. Poder\u00e1 encontrar mais informa\u00e7\u00f5es e desabilitar o uso destes cookies em www.google.com \/ intl \/ en \/ analytics \/ privacyoverview.html. Esses cookies podem ser identificados como: Cookies: utma __, __ UTMB, __ utmc, __ utmz.<\/p><h6>An\u00e1lise web<\/h6><p>Atrav\u00e9s de an\u00e1lise da web n\u00e3o h\u00e1 informa\u00e7\u00f5es sobre os seus dados pessoais. Est\u00e1 garantida a prote\u00e7\u00e3o da privacidade das pessoas que navegam na web. A informa\u00e7\u00e3o obtida \u00e9 relativa ao n\u00famero de utilizadores que acedem ao website, o n\u00famero de p\u00e1ginas vistas, e frequ\u00eancia de repeti\u00e7\u00e3o das visitas, a dura\u00e7\u00e3o, o browser utilizado, o operador que presta o servi\u00e7o, a l\u00edngua, usando o terminal ou a cidade para a qual \u00e9 atribu\u00eddo o endere\u00e7o IP. Esta informa\u00e7\u00e3o permite que um servi\u00e7o seja melhor e mais apropriado. As informa\u00e7\u00f5es s\u00e3o automaticamente armazenadas nos servidores da Google (ao qual n\u00e3o temos acesso).<\/p><p>Outras cookies s\u00e3o chamadas 32 caracteres aleat\u00f3rios t\u00e9cnicos necess\u00e1rios para a navega\u00e7\u00e3o adequada pelas sec\u00e7\u00f5es deste Portal. \u00c9 absolutamente necess\u00e1rio e inerente \u00e0 plataforma e entre uma de suas muitas fun\u00e7\u00f5es, permite escrever ao utilizador para adicionar itens ao carrinho.<\/p>\t\t\t\t\t\t\t\t<\/div>\n\t\t\t\t\t<\/div>\n\t\t\t\t<\/div>\n\t\t<div data-aos-once=\"true\" class=\"elementor-element elementor-element-cfcbc89 e-flex e-con-boxed e-con e-parent\" data-id=\"cfcbc89\" data-element_type=\"container\" data-e-type=\"container\">\n\t\t\t\t\t<div class=\"e-con-inner\">\n\t\t\t\t<div data-aos-once=\"true\" class=\"elementor-element elementor-element-f584be7 elementor-widget elementor-widget-heading\" data-id=\"f584be7\" data-element_type=\"widget\" data-e-type=\"widget\" data-widget_type=\"heading.default\">\n\t\t\t\t\t<h3 class=\"elementor-heading-title elementor-size-default\">Aceita\u00e7\u00e3o de cookies<\/h3>\t\t\t\t<\/div>\n\t\t\t\t<div data-aos-once=\"true\" class=\"elementor-element elementor-element-2460eb4 elementor-widget elementor-widget-text-editor\" data-id=\"2460eb4\" data-element_type=\"widget\" data-e-type=\"widget\" data-widget_type=\"text-editor.default\">\n\t\t\t\t\t\t\t\t\t<p>O website, a fim de cumprir com a legisla\u00e7\u00e3o, mostra as informa\u00e7\u00f5es relativas \u00e0 pol\u00edtica de cookies presente na parte inferior de qualquer sec\u00e7\u00e3o da p\u00e1gina web.<\/p><p>Ap\u00f3s isto \u00e9 poss\u00edvel levar a cabo a seguinte ac\u00e3o:<\/p><p>Ao prosseguir, est\u00e1 a declarar aceitar todos os cookies do site da Funda\u00e7\u00e3o Vieira Gomes. N\u00e3o voltar\u00e1 a ver este aviso ao aceder a qualquer p\u00e1gina web durante a presente sess\u00e3o.<\/p>\t\t\t\t\t\t\t\t<\/div>\n\t\t\t\t\t<\/div>\n\t\t\t\t<\/div>\n\t\t<div data-aos-once=\"true\" class=\"elementor-element elementor-element-7c0ae81 e-flex e-con-boxed e-con e-parent\" data-id=\"7c0ae81\" data-element_type=\"container\" data-e-type=\"container\">\n\t\t\t\t\t<div class=\"e-con-inner\">\n\t\t\t\t<div data-aos-once=\"true\" class=\"elementor-element elementor-element-6017c5e elementor-widget elementor-widget-heading\" data-id=\"6017c5e\" data-element_type=\"widget\" data-e-type=\"widget\" data-widget_type=\"heading.default\">\n\t\t\t\t\t<h3 class=\"elementor-heading-title elementor-size-default\">Modificar as configura\u00e7\u00f5es de cookies<\/h3>\t\t\t\t<\/div>\n\t\t\t\t\t<\/div>\n\t\t\t\t<\/div>\n\t\t<div data-aos-once=\"true\" class=\"elementor-element elementor-element-56b2f13 e-flex e-con-boxed e-con e-parent\" data-id=\"56b2f13\" data-element_type=\"container\" data-e-type=\"container\">\n\t\t\t\t\t<div class=\"e-con-inner\">\n\t\t\t\t<div data-aos-once=\"true\" class=\"elementor-element elementor-element-9236372 elementor-widget elementor-widget-text-editor\" data-id=\"9236372\" data-element_type=\"widget\" data-e-type=\"widget\" data-widget_type=\"text-editor.default\">\n\t\t\t\t\t\t\t\t\t<p data-start=\"1057\" data-end=\"1189\" data-is-last-node=\"\" data-is-only-node=\"\">O utilizador poder\u00e1 permitir, bloquear ou eliminar as cookies instaladas no seu computador em qualquer momento, atrav\u00e9s da configura\u00e7\u00e3o dos par\u00e2metros de privacidade do browser que tenha instalado no seu dispositivo.<\/p><p data-start=\"1057\" data-end=\"1189\" data-is-last-node=\"\" data-is-only-node=\"\">Estes procedimentos est\u00e3o sujeitos a atualiza\u00e7\u00f5es ou modifica\u00e7\u00f5es por parte dos respons\u00e1veis pelo design dos browsers, pelo que n\u00e3o podemos garantir que se ajustem completamente \u00e0 \u00faltima vers\u00e3o dispon\u00edvel em cada momento.<\/p><p data-start=\"1057\" data-end=\"1189\" data-is-last-node=\"\" data-is-only-node=\"\">Disponibilizamos ao utilizador links onde pode encontrar informa\u00e7\u00e3o sobre como configurar as suas prefer\u00eancias de cookies nos principais browsers: Internet Explorer, Internet Explorer 9, Firefox, Chrome, Safari, Opera, Android, Windows phone e Blackberry.<\/p><h6 data-start=\"1057\" data-end=\"1189\">Desativa\u00e7\u00e3o de cookies<\/h6><p data-start=\"1057\" data-end=\"1189\" data-is-last-node=\"\" data-is-only-node=\"\">No caso de o utilizador decidir desativar todas as cookies, a qualidade e rapidez do servi\u00e7o poder\u00e1 diminuir e, at\u00e9 mesmo, perder o acesso a alguns dos servi\u00e7os ou sec\u00e7\u00f5es disponibilizadas no site.<\/p><p data-start=\"1057\" data-end=\"1189\" data-is-last-node=\"\" data-is-only-node=\"\">Pode encontrar mais informa\u00e7\u00e3o sobre cookies em:<br data-start=\"1130\" data-end=\"1133\" \/><a class=\"decorated-link\" href=\"http:\/\/www.allaboutcookies.org\" target=\"_new\" rel=\"noopener\" data-start=\"1133\" data-end=\"1156\" data-is-only-node=\"\">www.allaboutcookies.org <\/a>ou <a class=\"decorated-link\" href=\"http:\/\/www.youronlinechoices.eu\" target=\"_new\" rel=\"noopener\" data-start=\"1164\" data-end=\"1188\">www.youronlinechoices.eu<\/a>.<\/p>\t\t\t\t\t\t\t\t<\/div>\n\t\t\t\t\t<\/div>\n\t\t\t\t<\/div>\n\t\t<div data-aos-once=\"true\" class=\"elementor-element elementor-element-f5d0cb7 e-flex e-con-boxed e-con e-parent\" data-id=\"f5d0cb7\" data-element_type=\"container\" data-e-type=\"container\">\n\t\t\t\t\t<div class=\"e-con-inner\">\n\t\t\t\t<div data-aos-once=\"true\" class=\"elementor-element elementor-element-8b54df6 elementor-widget elementor-widget-spacer\" data-id=\"8b54df6\" data-element_type=\"widget\" data-e-type=\"widget\" data-widget_type=\"spacer.default\">\n\t\t\t\t\t\t\t<div class=\"elementor-spacer\">\n\t\t\t<div class=\"elementor-spacer-inner\"><\/div>\n\t\t<\/div>\n\t\t\t\t\t\t<\/div>\n\t\t\t\t\t<\/div>\n\t\t\t\t<\/div>\n\t\t\t\t<\/div>\n\t\t","protected":false},"excerpt":{"rendered":"<p>Pol\u00edtica de cookies Os cookies s\u00e3o arquivos que podem ser descarregados para o seu computador atrav\u00e9s de p\u00e1ginas web. S\u00e3o ferramentas que s\u00e3o essenciais para a presta\u00e7\u00e3o de muitos servi\u00e7os no papel da sociedade da informa\u00e7\u00e3o. Entre outras coisas, permitir que um site possa armazenar e recuperar informa\u00e7\u00f5es sobre os h\u00e1bitos de navega\u00e7\u00e3o de um [&hellip;]<\/p>\n","protected":false},"author":1,"featured_media":0,"parent":0,"menu_order":0,"comment_status":"closed","ping_status":"closed","template":"","meta":{"footnotes":""},"class_list":["post-172269","page","type-page","status-publish","hentry"],"yoast_head":"<!-- This site is optimized with the Yoast SEO plugin v27.5 - https:\/\/yoast.com\/product\/yoast-seo-wordpress\/ -->\n<title>Pol\u00edtica Cookies<\/title>\n<meta name=\"description\" content=\"Uma pol\u00edtica de cookies \u00e9 um documento obrigat\u00f3rio para websites que utilizam estas tecnologias (rastreamento, prefer\u00eancias, marketing).\" \/>\n<meta name=\"robots\" content=\"index, follow, max-snippet:-1, max-image-preview:large, max-video-preview:-1\" \/>\n<link rel=\"canonical\" href=\"https:\/\/fluxodigital.fuvigo.com\/index.php\/politica-cookies\/\" \/>\n<meta property=\"og:locale\" content=\"pt_PT\" \/>\n<meta property=\"og:type\" content=\"article\" \/>\n<meta property=\"og:title\" content=\"Pol\u00edtica Cookies\" \/>\n<meta property=\"og:description\" content=\"Uma pol\u00edtica de cookies \u00e9 um documento obrigat\u00f3rio para websites que utilizam estas tecnologias (rastreamento, prefer\u00eancias, marketing).\" \/>\n<meta property=\"og:url\" content=\"https:\/\/fluxodigital.fuvigo.com\/index.php\/politica-cookies\/\" \/>\n<meta property=\"og:site_name\" content=\"Funda\u00e7\u00e3o Vieira Gomes\" \/>\n<meta property=\"article:modified_time\" content=\"2026-03-12T15:51:46+00:00\" \/>\n<meta name=\"twitter:card\" content=\"summary_large_image\" \/>\n<meta name=\"twitter:label1\" content=\"Tempo estimado de leitura\" \/>\n\t<meta name=\"twitter:data1\" content=\"4 minutos\" \/>\n<script type=\"application\/ld+json\" class=\"yoast-schema-graph\">{\"@context\":\"https:\\\/\\\/schema.org\",\"@graph\":[{\"@type\":\"WebPage\",\"@id\":\"https:\\\/\\\/fluxodigital.fuvigo.com\\\/index.php\\\/politica-cookies\\\/\",\"url\":\"https:\\\/\\\/fluxodigital.fuvigo.com\\\/index.php\\\/politica-cookies\\\/\",\"name\":\"Pol\u00edtica Cookies\",\"isPartOf\":{\"@id\":\"https:\\\/\\\/fluxodigital.fuvigo.com\\\/#website\"},\"datePublished\":\"2026-03-12T15:51:05+00:00\",\"dateModified\":\"2026-03-12T15:51:46+00:00\",\"description\":\"Uma pol\u00edtica de cookies \u00e9 um documento obrigat\u00f3rio para websites que utilizam estas tecnologias (rastreamento, prefer\u00eancias, marketing).\",\"breadcrumb\":{\"@id\":\"https:\\\/\\\/fluxodigital.fuvigo.com\\\/index.php\\\/politica-cookies\\\/#breadcrumb\"},\"inLanguage\":\"pt-PT\",\"potentialAction\":[{\"@type\":\"ReadAction\",\"target\":[\"https:\\\/\\\/fluxodigital.fuvigo.com\\\/index.php\\\/politica-cookies\\\/\"]}]},{\"@type\":\"BreadcrumbList\",\"@id\":\"https:\\\/\\\/fluxodigital.fuvigo.com\\\/index.php\\\/politica-cookies\\\/#breadcrumb\",\"itemListElement\":[{\"@type\":\"ListItem\",\"position\":1,\"name\":\"In\u00edcio\",\"item\":\"https:\\\/\\\/fluxodigital.fuvigo.com\\\/\"},{\"@type\":\"ListItem\",\"position\":2,\"name\":\"Pol\u00edtica Cookies\"}]},{\"@type\":\"WebSite\",\"@id\":\"https:\\\/\\\/fluxodigital.fuvigo.com\\\/#website\",\"url\":\"https:\\\/\\\/fluxodigital.fuvigo.com\\\/\",\"name\":\"Funda\u00e7\u00e3o Vieira Gomes\",\"description\":\"\",\"potentialAction\":[{\"@type\":\"SearchAction\",\"target\":{\"@type\":\"EntryPoint\",\"urlTemplate\":\"https:\\\/\\\/fluxodigital.fuvigo.com\\\/?s={search_term_string}\"},\"query-input\":{\"@type\":\"PropertyValueSpecification\",\"valueRequired\":true,\"valueName\":\"search_term_string\"}}],\"inLanguage\":\"pt-PT\"}]}<\/script>\n<!-- \/ Yoast SEO plugin. -->","yoast_head_json":{"title":"Pol\u00edtica Cookies","description":"Uma pol\u00edtica de cookies \u00e9 um documento obrigat\u00f3rio para websites que utilizam estas tecnologias (rastreamento, prefer\u00eancias, marketing).","robots":{"index":"index","follow":"follow","max-snippet":"max-snippet:-1","max-image-preview":"max-image-preview:large","max-video-preview":"max-video-preview:-1"},"canonical":"https:\/\/fluxodigital.fuvigo.com\/index.php\/politica-cookies\/","og_locale":"pt_PT","og_type":"article","og_title":"Pol\u00edtica Cookies","og_description":"Uma pol\u00edtica de cookies \u00e9 um documento obrigat\u00f3rio para websites que utilizam estas tecnologias (rastreamento, prefer\u00eancias, marketing).","og_url":"https:\/\/fluxodigital.fuvigo.com\/index.php\/politica-cookies\/","og_site_name":"Funda\u00e7\u00e3o Vieira Gomes","article_modified_time":"2026-03-12T15:51:46+00:00","twitter_card":"summary_large_image","twitter_misc":{"Tempo estimado de leitura":"4 minutos"},"schema":{"@context":"https:\/\/schema.org","@graph":[{"@type":"WebPage","@id":"https:\/\/fluxodigital.fuvigo.com\/index.php\/politica-cookies\/","url":"https:\/\/fluxodigital.fuvigo.com\/index.php\/politica-cookies\/","name":"Pol\u00edtica Cookies","isPartOf":{"@id":"https:\/\/fluxodigital.fuvigo.com\/#website"},"datePublished":"2026-03-12T15:51:05+00:00","dateModified":"2026-03-12T15:51:46+00:00","description":"Uma pol\u00edtica de cookies \u00e9 um documento obrigat\u00f3rio para websites que utilizam estas tecnologias (rastreamento, prefer\u00eancias, marketing).","breadcrumb":{"@id":"https:\/\/fluxodigital.fuvigo.com\/index.php\/politica-cookies\/#breadcrumb"},"inLanguage":"pt-PT","potentialAction":[{"@type":"ReadAction","target":["https:\/\/fluxodigital.fuvigo.com\/index.php\/politica-cookies\/"]}]},{"@type":"BreadcrumbList","@id":"https:\/\/fluxodigital.fuvigo.com\/index.php\/politica-cookies\/#breadcrumb","itemListElement":[{"@type":"ListItem","position":1,"name":"In\u00edcio","item":"https:\/\/fluxodigital.fuvigo.com\/"},{"@type":"ListItem","position":2,"name":"Pol\u00edtica Cookies"}]},{"@type":"WebSite","@id":"https:\/\/fluxodigital.fuvigo.com\/#website","url":"https:\/\/fluxodigital.fuvigo.com\/","name":"Funda\u00e7\u00e3o Vieira Gomes","description":"","potentialAction":[{"@type":"SearchAction","target":{"@type":"EntryPoint","urlTemplate":"https:\/\/fluxodigital.fuvigo.com\/?s={search_term_string}"},"query-input":{"@type":"PropertyValueSpecification","valueRequired":true,"valueName":"search_term_string"}}],"inLanguage":"pt-PT"}]}},"_links":{"self":[{"href":"https:\/\/fluxodigital.fuvigo.com\/index.php\/wp-json\/wp\/v2\/pages\/172269","targetHints":{"allow":["GET"]}}],"collection":[{"href":"https:\/\/fluxodigital.fuvigo.com\/index.php\/wp-json\/wp\/v2\/pages"}],"about":[{"href":"https:\/\/fluxodigital.fuvigo.com\/index.php\/wp-json\/wp\/v2\/types\/page"}],"author":[{"embeddable":true,"href":"https:\/\/fluxodigital.fuvigo.com\/index.php\/wp-json\/wp\/v2\/users\/1"}],"replies":[{"embeddable":true,"href":"https:\/\/fluxodigital.fuvigo.com\/index.php\/wp-json\/wp\/v2\/comments?post=172269"}],"version-history":[{"count":5,"href":"https:\/\/fluxodigital.fuvigo.com\/index.php\/wp-json\/wp\/v2\/pages\/172269\/revisions"}],"predecessor-version":[{"id":172716,"href":"https:\/\/fluxodigital.fuvigo.com\/index.php\/wp-json\/wp\/v2\/pages\/172269\/revisions\/172716"}],"wp:attachment":[{"href":"https:\/\/fluxodigital.fuvigo.com\/index.php\/wp-json\/wp\/v2\/media?parent=172269"}],"curies":[{"name":"wp","href":"https:\/\/api.w.org\/{rel}","templated":true}]}}