{"id":1766,"date":"2025-11-17T08:55:57","date_gmt":"2025-11-17T08:55:57","guid":{"rendered":"http:\/\/192.168.0.138:10059\/blue\/?page_id=1766"},"modified":"2026-03-18T11:51:04","modified_gmt":"2026-03-18T11:51:04","slug":"localizacao","status":"publish","type":"page","link":"https:\/\/fluxodigital.fuvigo.com\/index.php\/sobre-nos\/localizacao\/","title":{"rendered":"Localiza\u00e7\u00e3o"},"content":{"rendered":"\t\t<div data-elementor-type=\"wp-page\" data-elementor-id=\"1766\" class=\"elementor elementor-1766\">\n\t\t\t\t<div data-aos-once=\"true\" class=\"elementor-element elementor-element-96c8697 e-flex e-con-boxed e-con e-parent\" data-id=\"96c8697\" data-element_type=\"container\" data-e-type=\"container\" data-settings=\"{&quot;background_background&quot;:&quot;classic&quot;}\">\n\t\t\t\t\t<div class=\"e-con-inner\">\n\t\t\t\t<div data-aos-once=\"true\" class=\"elementor-element elementor-element-3c4536e elementor-widget__width-initial elementor-widget-laptop__width-initial elementor-widget-tablet__width-inherit elementor-widget elementor-widget-rstb-page-title\" data-id=\"3c4536e\" data-element_type=\"widget\" data-e-type=\"widget\" data-widget_type=\"rstb-page-title.default\">\n\t\t\t\t\t<h1 class=\"rstb-page-title\"><\/h1>\t\t\t\t<\/div>\n\t\t\t\t<div data-aos-once=\"true\" class=\"elementor-element elementor-element-541de7f elementor-widget elementor-widget-rs-divider\" data-id=\"541de7f\" data-element_type=\"widget\" data-e-type=\"widget\" data-widget_type=\"rs-divider.default\">\n\t\t\t\t\t        <div class=\"rs-divider dot-enable\">\r\n            <span> <\/span>\r\n\t\t\t        <\/div>\r\n\t\t\t\t\t\t<\/div>\n\t\t\t\t\t<\/div>\n\t\t\t\t<\/div>\n\t\t<div data-aos-once=\"true\" class=\"elementor-element elementor-element-57d32dd e-flex e-con-boxed e-con e-parent\" data-id=\"57d32dd\" data-element_type=\"container\" data-e-type=\"container\" data-settings=\"{&quot;background_background&quot;:&quot;classic&quot;}\">\n\t\t\t\t\t<div class=\"e-con-inner\">\n\t\t<div data-aos-once=\"true\" class=\"elementor-element elementor-element-908760c e-con-full e-flex e-con e-child\" data-id=\"908760c\" data-element_type=\"container\" data-e-type=\"container\" data-settings=\"{&quot;background_background&quot;:&quot;classic&quot;}\">\n\t\t<div data-aos-once=\"true\" class=\"elementor-element elementor-element-37cd1de e-con-full e-flex e-con e-child\" data-id=\"37cd1de\" data-element_type=\"container\" data-e-type=\"container\">\n\t\t<div data-aos-once=\"true\" class=\"elementor-element elementor-element-e189fc8 e-con-full e-flex e-con e-child\" data-id=\"e189fc8\" data-element_type=\"container\" data-e-type=\"container\" data-settings=\"{&quot;background_background&quot;:&quot;classic&quot;}\">\n\t\t\t\t<div data-aos-once=\"true\" class=\"elementor-element elementor-element-830e0fc elementor-widget-mobile__width-inherit elementor-widget elementor-widget-rs-heading\" data-id=\"830e0fc\" data-element_type=\"widget\" data-e-type=\"widget\" data-widget_type=\"rs-heading.default\">\n\t\t\t\t\t\r\n        <div class=\"prelements-heading default   animate-  \">\r\n            <div class=\"title-inner\">\r\n\t\t\t\t<h5 class=\"title  \">Univet Inside<\/h5>            <\/div>\r\n\t\t\t        <\/div>\r\n\t\t\t\t\t\t<\/div>\n\t\t\t\t<div data-aos-once=\"true\" class=\"elementor-element elementor-element-ef51e1c elementor-widget elementor-widget-rs-divider\" data-id=\"ef51e1c\" data-element_type=\"widget\" data-e-type=\"widget\" data-widget_type=\"rs-divider.default\">\n\t\t\t\t\t        <div class=\"rs-divider dot-enable\">\r\n            <span> <\/span>\r\n\t\t\t        <\/div>\r\n\t\t\t\t\t\t<\/div>\n\t\t\t\t<div data-aos-once=\"true\" class=\"elementor-element elementor-element-e1b68f6 elementor-widget elementor-widget-rstb-nav-menu\" data-id=\"e1b68f6\" data-element_type=\"widget\" data-e-type=\"widget\" data-widget_type=\"rstb-nav-menu.default\">\n\t\t\t\t\t        <div class=\"rstb-nav-menu nav-vertical nav-breakpoint-none \">\r\n\t\t\t<ul id=\"menu-useful-link2\" class=\"primary-menu\"><li id=\"menu-item-2349\" class=\"menu-item menu-item-type-post_type menu-item-object-page menu-item-2349\"><a href=\"https:\/\/fluxodigital.fuvigo.com\/index.php\/sobre-nos\/\" class=\"menu-item-link\"><span class=\"menu-prefix-icon\"><svg xmlns=\"http:\/\/www.w3.org\/2000\/svg\" viewBox=\"0 0 18 14\"><path d=\"M11.5908 13.8593H10.5176C10.3122 10.089 12.6466 8.11151 13.8261 7.53333H0V6.37722H13.8261C10.9952 4.82655 10.2975 1.82452 10.5191 0H11.5819C11.1221 4.49988 15.8553 6.37148 17.8797 6.37722V7.52259C12.0065 8.19889 11.3576 12.4215 11.5908 13.8593Z\"><\/path><\/svg><\/span><span class=\"menu-item-text\">Sobre N\u00f3s<\/span><\/a><\/li>\n<li id=\"menu-item-1771\" class=\"menu-item menu-item-type-post_type menu-item-object-page menu-item-1771\"><a href=\"https:\/\/fluxodigital.fuvigo.com\/index.php\/sobre-nos\/historia\/\" class=\"menu-item-link\"><span class=\"menu-prefix-icon\"><svg xmlns=\"http:\/\/www.w3.org\/2000\/svg\" viewBox=\"0 0 18 14\"><path d=\"M11.5908 13.8593H10.5176C10.3122 10.089 12.6466 8.11151 13.8261 7.53333H0V6.37722H13.8261C10.9952 4.82655 10.2975 1.82452 10.5191 0H11.5819C11.1221 4.49988 15.8553 6.37148 17.8797 6.37722V7.52259C12.0065 8.19889 11.3576 12.4215 11.5908 13.8593Z\"><\/path><\/svg><\/span><span class=\"menu-item-text\">Hist\u00f3ria<\/span><\/a><\/li>\n<li id=\"menu-item-1770\" class=\"menu-item menu-item-type-post_type menu-item-object-page menu-item-1770\"><a href=\"https:\/\/fluxodigital.fuvigo.com\/index.php\/sobre-nos\/direcao-e-conselho\/\" class=\"menu-item-link\"><span class=\"menu-prefix-icon\"><svg xmlns=\"http:\/\/www.w3.org\/2000\/svg\" viewBox=\"0 0 18 14\"><path d=\"M11.5908 13.8593H10.5176C10.3122 10.089 12.6466 8.11151 13.8261 7.53333H0V6.37722H13.8261C10.9952 4.82655 10.2975 1.82452 10.5191 0H11.5819C11.1221 4.49988 15.8553 6.37148 17.8797 6.37722V7.52259C12.0065 8.19889 11.3576 12.4215 11.5908 13.8593Z\"><\/path><\/svg><\/span><span class=\"menu-item-text\">Dire\u00e7\u00e3o e Conselho<\/span><\/a><\/li>\n<li id=\"menu-item-1769\" class=\"menu-item menu-item-type-post_type menu-item-object-page menu-item-1769\"><a href=\"https:\/\/fluxodigital.fuvigo.com\/index.php\/sobre-nos\/localizacao\/\" class=\"menu-item-link\"><span class=\"menu-prefix-icon\"><svg xmlns=\"http:\/\/www.w3.org\/2000\/svg\" viewBox=\"0 0 18 14\"><path d=\"M11.5908 13.8593H10.5176C10.3122 10.089 12.6466 8.11151 13.8261 7.53333H0V6.37722H13.8261C10.9952 4.82655 10.2975 1.82452 10.5191 0H11.5819C11.1221 4.49988 15.8553 6.37148 17.8797 6.37722V7.52259C12.0065 8.19889 11.3576 12.4215 11.5908 13.8593Z\"><\/path><\/svg><\/span><span class=\"menu-item-text\">Localiza\u00e7\u00e3o<\/span><\/a><\/li>\n<\/ul>\t\t\t        <\/div>\r\n\t\t\t\t\t\t<\/div>\n\t\t\t\t<div data-aos-once=\"true\" class=\"elementor-element elementor-element-b708e52 elementor-widget elementor-widget-rs-image\" data-id=\"b708e52\" data-element_type=\"widget\" data-e-type=\"widget\" data-widget_type=\"rs-image.default\">\n\t\t\t\t\t        <div class=\"rs-image\" >\r\n\t\t\t\t\t\t\t\t                        <img decoding=\"async\" class=\"rs-multi-image  reverse- blend_unset\" src=\"https:\/\/fluxodigital.fuvigo.com\/wp-content\/uploads\/2026\/03\/Fundacao-Vieira-Gomes-1.webp\"\r\n                             alt=\"Funda\u00e7\u00e3o Vieira Gomes\"\/>\r\n\t\t\t\t\t\t        <\/div>\r\n\t\t\t\t\t\t<\/div>\n\t\t\t\t<\/div>\n\t\t\t\t<\/div>\n\t\t\t\t<\/div>\n\t\t<div data-aos-once=\"true\" class=\"elementor-element elementor-element-45ad7f3 e-con-full e-flex e-con e-child\" data-id=\"45ad7f3\" data-element_type=\"container\" data-e-type=\"container\">\n\t\t\t\t<div data-aos-once=\"true\" class=\"elementor-element elementor-element-6daf533 elementor-widget elementor-widget-rs-heading\" data-id=\"6daf533\" data-element_type=\"widget\" data-e-type=\"widget\" data-widget_type=\"rs-heading.default\">\n\t\t\t\t\t\r\n        <div class=\"prelements-heading default   animate-  \">\r\n            <div class=\"title-inner\">\r\n\t\t\t\t<h2 class=\"title  \">Localiza\u00e7\u00e3o Funda\u00e7\u00e3o Vieira Gomes<\/h2>            <\/div>\r\n\t\t\t        <\/div>\r\n\t\t\t\t\t\t<\/div>\n\t\t\t\t<div data-aos-once=\"true\" class=\"elementor-element elementor-element-4290688 elementor-widget elementor-widget-html\" data-id=\"4290688\" data-element_type=\"widget\" data-e-type=\"widget\" data-widget_type=\"html.default\">\n\t\t\t\t\t<iframe src=\"https:\/\/www.google.com\/maps\/embed?pb=!4v1772795768909!6m8!1m7!1sh99e7tqZwCbufX2dYcQz9Q!2m2!1d41.55638232064437!2d-8.441610698884187!3f359.6499279769526!4f-0.35740889353591854!5f0.7820865974627469\" width=\"600\" height=\"450\" style=\"border:0;\" allowfullscreen=\"\" loading=\"lazy\" referrerpolicy=\"no-referrer-when-downgrade\"><\/iframe>\t\t\t\t<\/div>\n\t\t\t\t<\/div>\n\t\t\t\t\t<\/div>\n\t\t\t\t<\/div>\n\t\t<div data-aos-once=\"true\" class=\"elementor-element elementor-element-4896ca8 e-con-full e-flex e-con e-child\" data-id=\"4896ca8\" data-element_type=\"container\" data-e-type=\"container\">\n\t\t\t\t<div data-aos-once=\"true\" class=\"elementor-element elementor-element-3a68778 elementor-widget-tablet__width-initial elementor-widget elementor-widget-rs-image\" data-id=\"3a68778\" data-element_type=\"widget\" data-e-type=\"widget\" data-widget_type=\"rs-image.default\">\n\t\t\t\t\t        <div class=\"rs-image\" >\r\n\t\t\t\t\t\t\t\t                        <img decoding=\"async\" class=\"rs-multi-image  reverse- blend_unset\" src=\"https:\/\/univet.rstheme.com\/red-one\/wp-content\/uploads\/sites\/13\/2025\/11\/gallery-img1-min.jpg\"\r\n                             alt=\"\"\/>\r\n\t\t\t\t\t\t        <\/div>\r\n\t\t\t\t\t\t<\/div>\n\t\t\t\t<div data-aos-once=\"true\" class=\"elementor-element elementor-element-13e228c elementor-widget-tablet__width-initial elementor-widget elementor-widget-rs-image\" data-id=\"13e228c\" data-element_type=\"widget\" data-e-type=\"widget\" data-widget_type=\"rs-image.default\">\n\t\t\t\t\t        <div class=\"rs-image\" >\r\n\t\t\t\t\t\t\t\t                        <img decoding=\"async\" class=\"rs-multi-image  reverse- blend_unset\" src=\"https:\/\/univet.rstheme.com\/red-one\/wp-content\/uploads\/sites\/13\/2025\/11\/gallery-img2-min.jpg\"\r\n                             alt=\"\"\/>\r\n\t\t\t\t\t\t        <\/div>\r\n\t\t\t\t\t\t<\/div>\n\t\t\t\t<div data-aos-once=\"true\" class=\"elementor-element elementor-element-c0850fd elementor-widget-tablet__width-initial elementor-widget elementor-widget-rs-image\" data-id=\"c0850fd\" data-element_type=\"widget\" data-e-type=\"widget\" data-widget_type=\"rs-image.default\">\n\t\t\t\t\t        <div class=\"rs-image\" >\r\n\t\t\t\t\t\t\t\t                        <img decoding=\"async\" class=\"rs-multi-image  reverse- blend_unset\" src=\"https:\/\/univet.rstheme.com\/red-one\/wp-content\/uploads\/sites\/13\/2025\/11\/gallery-img3-min.jpg\"\r\n                             alt=\"gallery-img3-min\"\/>\r\n\t\t\t\t\t\t        <\/div>\r\n\t\t\t\t\t\t<\/div>\n\t\t\t\t<div data-aos-once=\"true\" class=\"elementor-element elementor-element-609be36 elementor-widget-tablet__width-initial elementor-widget elementor-widget-rs-image\" data-id=\"609be36\" data-element_type=\"widget\" data-e-type=\"widget\" data-widget_type=\"rs-image.default\">\n\t\t\t\t\t        <div class=\"rs-image\" >\r\n\t\t\t\t\t\t\t\t                        <img decoding=\"async\" class=\"rs-multi-image  reverse- blend_unset\" src=\"https:\/\/univet.rstheme.com\/red-one\/wp-content\/uploads\/sites\/13\/2025\/11\/gallery-img4-min.jpg\"\r\n                             alt=\"\"\/>\r\n\t\t\t\t\t\t        <\/div>\r\n\t\t\t\t\t\t<\/div>\n\t\t\t\t<div data-aos-once=\"true\" class=\"elementor-element elementor-element-432801c elementor-widget-tablet__width-initial elementor-widget elementor-widget-rs-image\" data-id=\"432801c\" data-element_type=\"widget\" data-e-type=\"widget\" data-widget_type=\"rs-image.default\">\n\t\t\t\t\t        <div class=\"rs-image\" >\r\n\t\t\t\t\t\t\t\t                        <img decoding=\"async\" class=\"rs-multi-image  reverse- blend_unset\" src=\"https:\/\/univet.rstheme.com\/red-one\/wp-content\/uploads\/sites\/13\/2025\/11\/gallery-img5-5-min.jpg\"\r\n                             alt=\"gallery-img5-5-min\"\/>\r\n\t\t\t\t\t\t        <\/div>\r\n\t\t\t\t\t\t<\/div>\n\t\t\t\t<div data-aos-once=\"true\" class=\"elementor-element elementor-element-d72139e elementor-widget-tablet__width-initial elementor-widget elementor-widget-rs-image\" data-id=\"d72139e\" data-element_type=\"widget\" data-e-type=\"widget\" data-widget_type=\"rs-image.default\">\n\t\t\t\t\t        <div class=\"rs-image\" >\r\n\t\t\t\t\t\t\t\t                        <img decoding=\"async\" class=\"rs-multi-image  reverse- blend_unset\" src=\"https:\/\/univet.rstheme.com\/red-one\/wp-content\/uploads\/sites\/13\/2025\/11\/gallery-img6-min.jpg\"\r\n                             alt=\"gallery-img6-min\"\/>\r\n\t\t\t\t\t\t        <\/div>\r\n\t\t\t\t\t\t<\/div>\n\t\t\t\t<div data-aos-once=\"true\" class=\"elementor-element elementor-element-300a254 elementor-absolute elementor-widget-mobile__width-inherit e-transform elementor-widget elementor-widget-rs-button\" data-id=\"300a254\" data-element_type=\"widget\" data-e-type=\"widget\" data-settings=\"{&quot;_position&quot;:&quot;absolute&quot;,&quot;_transform_translateY_effect&quot;:{&quot;unit&quot;:&quot;%&quot;,&quot;size&quot;:&quot;-50&quot;,&quot;sizes&quot;:[]},&quot;_transform_translateX_effect&quot;:{&quot;unit&quot;:&quot;%&quot;,&quot;size&quot;:&quot;-50&quot;,&quot;sizes&quot;:[]},&quot;_transform_translateX_effect_laptop&quot;:{&quot;unit&quot;:&quot;%&quot;,&quot;size&quot;:&quot;&quot;,&quot;sizes&quot;:[]},&quot;_transform_translateX_effect_tablet_extra&quot;:{&quot;unit&quot;:&quot;%&quot;,&quot;size&quot;:&quot;&quot;,&quot;sizes&quot;:[]},&quot;_transform_translateX_effect_tablet&quot;:{&quot;unit&quot;:&quot;%&quot;,&quot;size&quot;:&quot;&quot;,&quot;sizes&quot;:[]},&quot;_transform_translateX_effect_mobile_extra&quot;:{&quot;unit&quot;:&quot;%&quot;,&quot;size&quot;:&quot;&quot;,&quot;sizes&quot;:[]},&quot;_transform_translateX_effect_mobile&quot;:{&quot;unit&quot;:&quot;%&quot;,&quot;size&quot;:&quot;&quot;,&quot;sizes&quot;:[]},&quot;_transform_translateY_effect_laptop&quot;:{&quot;unit&quot;:&quot;%&quot;,&quot;size&quot;:&quot;&quot;,&quot;sizes&quot;:[]},&quot;_transform_translateY_effect_tablet_extra&quot;:{&quot;unit&quot;:&quot;%&quot;,&quot;size&quot;:&quot;&quot;,&quot;sizes&quot;:[]},&quot;_transform_translateY_effect_tablet&quot;:{&quot;unit&quot;:&quot;%&quot;,&quot;size&quot;:&quot;&quot;,&quot;sizes&quot;:[]},&quot;_transform_translateY_effect_mobile_extra&quot;:{&quot;unit&quot;:&quot;%&quot;,&quot;size&quot;:&quot;&quot;,&quot;sizes&quot;:[]},&quot;_transform_translateY_effect_mobile&quot;:{&quot;unit&quot;:&quot;%&quot;,&quot;size&quot;:&quot;&quot;,&quot;sizes&quot;:[]}}\" data-widget_type=\"rs-button.default\">\n\t\t\t\t\t        <a class=\"rs-button style-default icon-anim-rotate-90 text-anim-flip-top\" href=\"https:\/\/univet.rstheme.com\/red-one\/campus-life\/\">\r\n\t\t\t                <span class=\"button-icon\">\r\n                    <svg xmlns=\"http:\/\/www.w3.org\/2000\/svg\" viewBox=\"0 0 18 15\"><path d=\"M10.5 7.5C10.5 8.32843 9.82843 9 9 9C8.17157 9 7.5 8.32843 7.5 7.5C7.5 6.67157 8.17157 6 9 6C9.82843 6 10.5 6.67157 10.5 7.5Z\"><\/path><path d=\"M10.5 13.5C10.5 14.3284 9.82843 15 9 15C8.17157 15 7.5 14.3284 7.5 13.5C7.5 12.6716 8.17157 12 9 12C9.82843 12 10.5 12.6716 10.5 13.5Z\"><\/path><path d=\"M3 7.5C3 8.32843 2.32843 9 1.5 9C0.671573 9 0 8.32843 0 7.5C0 6.67157 0.671573 6 1.5 6C2.32843 6 3 6.67157 3 7.5Z\"><\/path><path d=\"M18 7.5C18 8.32843 17.3284 9 16.5 9C15.6716 9 15 8.32843 15 7.5C15 6.67157 15.6716 6 16.5 6C17.3284 6 18 6.67157 18 7.5Z\"><\/path><path d=\"M10.5 1.5C10.5 2.32843 9.82843 3 9 3C8.17157 3 7.5 2.32843 7.5 1.5C7.5 0.671573 8.17157 0 9 0C9.82843 0 10.5 0.671573 10.5 1.5Z\"><\/path><\/svg>                <\/span>\r\n\t\t\t\t\t\t                <span class=\"button-text\" data-text=\"Discover Campus Life\">\r\n                    Discover Campus Life                <\/span>\r\n\t\t\t        <\/a>\r\n\t\t\t\t\t\t<\/div>\n\t\t\t\t<\/div>\n\t\t\t\t<\/div>\n\t\t","protected":false},"excerpt":{"rendered":"<p>Univet Inside Who We Are Hist\u00f3ria Dire\u00e7\u00e3o e Conselho Localiza\u00e7\u00e3o Localiza\u00e7\u00e3o Funda\u00e7\u00e3o Vieira Gomes Discover Campus Life<\/p>\n","protected":false},"author":1,"featured_media":0,"parent":1238,"menu_order":0,"comment_status":"closed","ping_status":"closed","template":"","meta":{"footnotes":""},"class_list":["post-1766","page","type-page","status-publish","hentry"],"yoast_head":"<!-- This site is optimized with the Yoast SEO plugin v27.5 - https:\/\/yoast.com\/product\/yoast-seo-wordpress\/ -->\n<title>Localiza\u00e7\u00e3o - Funda\u00e7\u00e3o Vieira Gomes<\/title>\n<meta name=\"robots\" content=\"index, follow, max-snippet:-1, max-image-preview:large, max-video-preview:-1\" \/>\n<link rel=\"canonical\" href=\"https:\/\/fluxodigital.fuvigo.com\/index.php\/sobre-nos\/localizacao\/\" \/>\n<meta property=\"og:locale\" content=\"pt_PT\" \/>\n<meta property=\"og:type\" content=\"article\" \/>\n<meta property=\"og:title\" content=\"Localiza\u00e7\u00e3o - Funda\u00e7\u00e3o Vieira Gomes\" \/>\n<meta property=\"og:description\" content=\"Univet Inside Who We Are Hist\u00f3ria Dire\u00e7\u00e3o e Conselho Localiza\u00e7\u00e3o Localiza\u00e7\u00e3o Funda\u00e7\u00e3o Vieira Gomes Discover Campus Life\" \/>\n<meta property=\"og:url\" content=\"https:\/\/fluxodigital.fuvigo.com\/index.php\/sobre-nos\/localizacao\/\" \/>\n<meta property=\"og:site_name\" content=\"Funda\u00e7\u00e3o Vieira Gomes\" \/>\n<meta property=\"article:modified_time\" content=\"2026-03-18T11:51:04+00:00\" \/>\n<meta property=\"og:image\" content=\"https:\/\/fluxodigital.fuvigo.com\/wp-content\/uploads\/2026\/03\/Fundacao-Vieira-Gomes-1.webp\" \/>\n<meta name=\"twitter:card\" content=\"summary_large_image\" \/>\n<meta name=\"twitter:label1\" content=\"Tempo estimado de leitura\" \/>\n\t<meta name=\"twitter:data1\" content=\"2 minutos\" \/>\n<script type=\"application\/ld+json\" class=\"yoast-schema-graph\">{\"@context\":\"https:\\\/\\\/schema.org\",\"@graph\":[{\"@type\":\"WebPage\",\"@id\":\"https:\\\/\\\/fluxodigital.fuvigo.com\\\/index.php\\\/sobre-nos\\\/localizacao\\\/\",\"url\":\"https:\\\/\\\/fluxodigital.fuvigo.com\\\/index.php\\\/sobre-nos\\\/localizacao\\\/\",\"name\":\"Localiza\u00e7\u00e3o - Funda\u00e7\u00e3o Vieira Gomes\",\"isPartOf\":{\"@id\":\"https:\\\/\\\/fluxodigital.fuvigo.com\\\/#website\"},\"primaryImageOfPage\":{\"@id\":\"https:\\\/\\\/fluxodigital.fuvigo.com\\\/index.php\\\/sobre-nos\\\/localizacao\\\/#primaryimage\"},\"image\":{\"@id\":\"https:\\\/\\\/fluxodigital.fuvigo.com\\\/index.php\\\/sobre-nos\\\/localizacao\\\/#primaryimage\"},\"thumbnailUrl\":\"https:\\\/\\\/fluxodigital.fuvigo.com\\\/wp-content\\\/uploads\\\/2026\\\/03\\\/Fundacao-Vieira-Gomes-1.webp\",\"datePublished\":\"2025-11-17T08:55:57+00:00\",\"dateModified\":\"2026-03-18T11:51:04+00:00\",\"breadcrumb\":{\"@id\":\"https:\\\/\\\/fluxodigital.fuvigo.com\\\/index.php\\\/sobre-nos\\\/localizacao\\\/#breadcrumb\"},\"inLanguage\":\"pt-PT\",\"potentialAction\":[{\"@type\":\"ReadAction\",\"target\":[\"https:\\\/\\\/fluxodigital.fuvigo.com\\\/index.php\\\/sobre-nos\\\/localizacao\\\/\"]}]},{\"@type\":\"ImageObject\",\"inLanguage\":\"pt-PT\",\"@id\":\"https:\\\/\\\/fluxodigital.fuvigo.com\\\/index.php\\\/sobre-nos\\\/localizacao\\\/#primaryimage\",\"url\":\"https:\\\/\\\/fluxodigital.fuvigo.com\\\/wp-content\\\/uploads\\\/2026\\\/03\\\/Fundacao-Vieira-Gomes-1.webp\",\"contentUrl\":\"https:\\\/\\\/fluxodigital.fuvigo.com\\\/wp-content\\\/uploads\\\/2026\\\/03\\\/Fundacao-Vieira-Gomes-1.webp\",\"width\":1920,\"height\":1376,\"caption\":\"Funda\u00e7\u00e3o Vieira Gomes\"},{\"@type\":\"BreadcrumbList\",\"@id\":\"https:\\\/\\\/fluxodigital.fuvigo.com\\\/index.php\\\/sobre-nos\\\/localizacao\\\/#breadcrumb\",\"itemListElement\":[{\"@type\":\"ListItem\",\"position\":1,\"name\":\"In\u00edcio\",\"item\":\"https:\\\/\\\/fluxodigital.fuvigo.com\\\/\"},{\"@type\":\"ListItem\",\"position\":2,\"name\":\"Sobre n\u00f3s\",\"item\":\"https:\\\/\\\/fluxodigital.fuvigo.com\\\/index.php\\\/sobre-nos\\\/\"},{\"@type\":\"ListItem\",\"position\":3,\"name\":\"Localiza\u00e7\u00e3o\"}]},{\"@type\":\"WebSite\",\"@id\":\"https:\\\/\\\/fluxodigital.fuvigo.com\\\/#website\",\"url\":\"https:\\\/\\\/fluxodigital.fuvigo.com\\\/\",\"name\":\"Funda\u00e7\u00e3o Vieira Gomes\",\"description\":\"\",\"potentialAction\":[{\"@type\":\"SearchAction\",\"target\":{\"@type\":\"EntryPoint\",\"urlTemplate\":\"https:\\\/\\\/fluxodigital.fuvigo.com\\\/?s={search_term_string}\"},\"query-input\":{\"@type\":\"PropertyValueSpecification\",\"valueRequired\":true,\"valueName\":\"search_term_string\"}}],\"inLanguage\":\"pt-PT\"}]}<\/script>\n<!-- \/ Yoast SEO plugin. -->","yoast_head_json":{"title":"Localiza\u00e7\u00e3o - Funda\u00e7\u00e3o Vieira Gomes","robots":{"index":"index","follow":"follow","max-snippet":"max-snippet:-1","max-image-preview":"max-image-preview:large","max-video-preview":"max-video-preview:-1"},"canonical":"https:\/\/fluxodigital.fuvigo.com\/index.php\/sobre-nos\/localizacao\/","og_locale":"pt_PT","og_type":"article","og_title":"Localiza\u00e7\u00e3o - Funda\u00e7\u00e3o Vieira Gomes","og_description":"Univet Inside Who We Are Hist\u00f3ria Dire\u00e7\u00e3o e Conselho Localiza\u00e7\u00e3o Localiza\u00e7\u00e3o Funda\u00e7\u00e3o Vieira Gomes Discover Campus Life","og_url":"https:\/\/fluxodigital.fuvigo.com\/index.php\/sobre-nos\/localizacao\/","og_site_name":"Funda\u00e7\u00e3o Vieira Gomes","article_modified_time":"2026-03-18T11:51:04+00:00","og_image":[{"url":"https:\/\/fluxodigital.fuvigo.com\/wp-content\/uploads\/2026\/03\/Fundacao-Vieira-Gomes-1.webp","type":"","width":"","height":""}],"twitter_card":"summary_large_image","twitter_misc":{"Tempo estimado de leitura":"2 minutos"},"schema":{"@context":"https:\/\/schema.org","@graph":[{"@type":"WebPage","@id":"https:\/\/fluxodigital.fuvigo.com\/index.php\/sobre-nos\/localizacao\/","url":"https:\/\/fluxodigital.fuvigo.com\/index.php\/sobre-nos\/localizacao\/","name":"Localiza\u00e7\u00e3o - Funda\u00e7\u00e3o Vieira Gomes","isPartOf":{"@id":"https:\/\/fluxodigital.fuvigo.com\/#website"},"primaryImageOfPage":{"@id":"https:\/\/fluxodigital.fuvigo.com\/index.php\/sobre-nos\/localizacao\/#primaryimage"},"image":{"@id":"https:\/\/fluxodigital.fuvigo.com\/index.php\/sobre-nos\/localizacao\/#primaryimage"},"thumbnailUrl":"https:\/\/fluxodigital.fuvigo.com\/wp-content\/uploads\/2026\/03\/Fundacao-Vieira-Gomes-1.webp","datePublished":"2025-11-17T08:55:57+00:00","dateModified":"2026-03-18T11:51:04+00:00","breadcrumb":{"@id":"https:\/\/fluxodigital.fuvigo.com\/index.php\/sobre-nos\/localizacao\/#breadcrumb"},"inLanguage":"pt-PT","potentialAction":[{"@type":"ReadAction","target":["https:\/\/fluxodigital.fuvigo.com\/index.php\/sobre-nos\/localizacao\/"]}]},{"@type":"ImageObject","inLanguage":"pt-PT","@id":"https:\/\/fluxodigital.fuvigo.com\/index.php\/sobre-nos\/localizacao\/#primaryimage","url":"https:\/\/fluxodigital.fuvigo.com\/wp-content\/uploads\/2026\/03\/Fundacao-Vieira-Gomes-1.webp","contentUrl":"https:\/\/fluxodigital.fuvigo.com\/wp-content\/uploads\/2026\/03\/Fundacao-Vieira-Gomes-1.webp","width":1920,"height":1376,"caption":"Funda\u00e7\u00e3o Vieira Gomes"},{"@type":"BreadcrumbList","@id":"https:\/\/fluxodigital.fuvigo.com\/index.php\/sobre-nos\/localizacao\/#breadcrumb","itemListElement":[{"@type":"ListItem","position":1,"name":"In\u00edcio","item":"https:\/\/fluxodigital.fuvigo.com\/"},{"@type":"ListItem","position":2,"name":"Sobre n\u00f3s","item":"https:\/\/fluxodigital.fuvigo.com\/index.php\/sobre-nos\/"},{"@type":"ListItem","position":3,"name":"Localiza\u00e7\u00e3o"}]},{"@type":"WebSite","@id":"https:\/\/fluxodigital.fuvigo.com\/#website","url":"https:\/\/fluxodigital.fuvigo.com\/","name":"Funda\u00e7\u00e3o Vieira Gomes","description":"","potentialAction":[{"@type":"SearchAction","target":{"@type":"EntryPoint","urlTemplate":"https:\/\/fluxodigital.fuvigo.com\/?s={search_term_string}"},"query-input":{"@type":"PropertyValueSpecification","valueRequired":true,"valueName":"search_term_string"}}],"inLanguage":"pt-PT"}]}},"_links":{"self":[{"href":"https:\/\/fluxodigital.fuvigo.com\/index.php\/wp-json\/wp\/v2\/pages\/1766","targetHints":{"allow":["GET"]}}],"collection":[{"href":"https:\/\/fluxodigital.fuvigo.com\/index.php\/wp-json\/wp\/v2\/pages"}],"about":[{"href":"https:\/\/fluxodigital.fuvigo.com\/index.php\/wp-json\/wp\/v2\/types\/page"}],"author":[{"embeddable":true,"href":"https:\/\/fluxodigital.fuvigo.com\/index.php\/wp-json\/wp\/v2\/users\/1"}],"replies":[{"embeddable":true,"href":"https:\/\/fluxodigital.fuvigo.com\/index.php\/wp-json\/wp\/v2\/comments?post=1766"}],"version-history":[{"count":8,"href":"https:\/\/fluxodigital.fuvigo.com\/index.php\/wp-json\/wp\/v2\/pages\/1766\/revisions"}],"predecessor-version":[{"id":172575,"href":"https:\/\/fluxodigital.fuvigo.com\/index.php\/wp-json\/wp\/v2\/pages\/1766\/revisions\/172575"}],"up":[{"embeddable":true,"href":"https:\/\/fluxodigital.fuvigo.com\/index.php\/wp-json\/wp\/v2\/pages\/1238"}],"wp:attachment":[{"href":"https:\/\/fluxodigital.fuvigo.com\/index.php\/wp-json\/wp\/v2\/media?parent=1766"}],"curies":[{"name":"wp","href":"https:\/\/api.w.org\/{rel}","templated":true}]}}