{"id":5469,"date":"2025-11-26T06:50:20","date_gmt":"2025-11-26T06:50:20","guid":{"rendered":"http:\/\/192.168.0.138:10059\/blue\/?page_id=5469"},"modified":"2026-03-20T09:15:47","modified_gmt":"2026-03-20T09:15:47","slug":"quero-ajudar","status":"publish","type":"page","link":"https:\/\/fluxodigital.fuvigo.com\/index.php\/quero-ajudar\/","title":{"rendered":"Quero Ajudar"},"content":{"rendered":"\t\t<div data-elementor-type=\"wp-page\" data-elementor-id=\"5469\" class=\"elementor elementor-5469\">\n\t\t\t\t<div data-aos-once=\"true\" class=\"elementor-element elementor-element-601c6c8 e-flex e-con-boxed e-con e-parent\" data-id=\"601c6c8\" data-element_type=\"container\" data-e-type=\"container\" data-settings=\"{&quot;background_background&quot;:&quot;classic&quot;}\">\n\t\t\t\t\t<div class=\"e-con-inner\">\n\t\t\t\t<div data-aos-once=\"true\" class=\"elementor-element elementor-element-a8ffa88 elementor-widget__width-initial elementor-widget-laptop__width-initial elementor-widget-tablet__width-inherit elementor-widget elementor-widget-rstb-page-title\" data-id=\"a8ffa88\" data-element_type=\"widget\" data-e-type=\"widget\" data-widget_type=\"rstb-page-title.default\">\n\t\t\t\t\t<h1 class=\"rstb-page-title\"><\/h1>\t\t\t\t<\/div>\n\t\t\t\t<div data-aos-once=\"true\" class=\"elementor-element elementor-element-7374557 elementor-widget elementor-widget-rs-divider\" data-id=\"7374557\" data-element_type=\"widget\" data-e-type=\"widget\" data-widget_type=\"rs-divider.default\">\n\t\t\t\t\t        <div class=\"rs-divider dot-enable\">\r\n            <span> <\/span>\r\n\t\t\t        <\/div>\r\n\t\t\t\t\t\t<\/div>\n\t\t\t\t<div data-aos-once=\"true\" class=\"elementor-element elementor-element-5555191 elementor-widget__width-initial elementor-widget elementor-widget-text-editor\" data-id=\"5555191\" data-element_type=\"widget\" data-e-type=\"widget\" data-widget_type=\"text-editor.default\">\n\t\t\t\t\t\t\t\t\t<p>H\u00e1 pessoas que precisam. E h\u00e1 pessoas que querem fazer alguma coisa sobre isso.<br data-start=\"208\" data-end=\"211\" \/>Se est\u00e1s aqui, j\u00e1 deste o primeiro passo.<\/p>\t\t\t\t\t\t\t\t<\/div>\n\t\t\t\t\t<\/div>\n\t\t\t\t<\/div>\n\t\t<div data-aos-once=\"true\" class=\"elementor-element elementor-element-3a4d05a e-flex e-con-boxed e-con e-parent\" data-id=\"3a4d05a\" data-element_type=\"container\" data-e-type=\"container\" data-settings=\"{&quot;background_background&quot;:&quot;classic&quot;}\">\n\t\t\t\t\t<div class=\"e-con-inner\">\n\t\t<div data-aos-once=\"true\" class=\"elementor-element elementor-element-4171b8b e-con-full e-flex e-con e-child\" data-id=\"4171b8b\" data-element_type=\"container\" data-e-type=\"container\">\n\t\t<div data-aos-once=\"true\" class=\"elementor-element elementor-element-d88076c e-con-full e-flex e-con e-child\" data-id=\"d88076c\" data-element_type=\"container\" data-e-type=\"container\">\n\t\t\t\t<div data-aos-once=\"true\" class=\"elementor-element elementor-element-6e20a36 elementor-widget elementor-widget-heading\" data-id=\"6e20a36\" data-element_type=\"widget\" data-e-type=\"widget\" data-widget_type=\"heading.default\">\n\t\t\t\t\t<h3 class=\"elementor-heading-title elementor-size-default\">Como podes ajudar<\/h3>\t\t\t\t<\/div>\n\t\t\t\t<div data-aos-once=\"true\" class=\"elementor-element elementor-element-2b755b3 elementor-widget elementor-widget-text-editor\" data-id=\"2b755b3\" data-element_type=\"widget\" data-e-type=\"widget\" data-widget_type=\"text-editor.default\">\n\t\t\t\t\t\t\t\t\t<p data-start=\"435\" data-end=\"469\">Podes contribuir de v\u00e1rias formas:<\/p><p data-start=\"473\" data-end=\"531\"><strong data-start=\"473\" data-end=\"489\">Voluntariado<\/strong> \u2013 D\u00e1 o teu tempo e as tuas compet\u00eancias<\/p><p data-start=\"534\" data-end=\"583\"><strong data-start=\"534\" data-end=\"545\">Doa\u00e7\u00f5es<\/strong> \u2013 Apoia financeiramente os projetos<\/p><p data-start=\"586\" data-end=\"650\"><strong data-start=\"586\" data-end=\"599\">Parcerias<\/strong> \u2013 Junta-te a n\u00f3s com a tua empresa ou iniciativa<\/p><p data-start=\"586\" data-end=\"650\"><strong data-start=\"653\" data-end=\"667\">Divulga\u00e7\u00e3o<\/strong> \u2013 Ajuda-nos a chegar a mais pessoas<\/p><p data-start=\"707\" data-end=\"760\">Cada pequena a\u00e7\u00e3o tem impacto real na vida de algu\u00e9m.<\/p>\t\t\t\t\t\t\t\t<\/div>\n\t\t\t\t<\/div>\n\t\t<div data-aos-once=\"true\" class=\"elementor-element elementor-element-a0985e3 e-con-full e-flex e-con e-child\" data-id=\"a0985e3\" data-element_type=\"container\" data-e-type=\"container\" data-settings=\"{&quot;background_background&quot;:&quot;classic&quot;}\">\n\t\t\t\t<div data-aos-once=\"true\" class=\"elementor-element elementor-element-52b8e16 elementor-widget elementor-widget-text-editor\" data-id=\"52b8e16\" data-element_type=\"widget\" data-e-type=\"widget\" data-widget_type=\"text-editor.default\">\n\t\t\t\t\t\t\t\t\t<h3 data-section-id=\"um8i7g\" data-start=\"762\" data-end=\"792\">Porque a tua ajuda importa<\/h3><p data-start=\"794\" data-end=\"901\">O trabalho que fazemos s\u00f3 \u00e9 poss\u00edvel com o apoio de pessoas como tu.<br data-start=\"862\" data-end=\"865\" \/>Sem isso, simplesmente n\u00e3o acontece.<\/p><p data-start=\"903\" data-end=\"982\">N\u00e3o estamos \u00e0 procura de perfei\u00e7\u00e3o.<br data-start=\"938\" data-end=\"941\" \/>Estamos \u00e0 procura de pessoas com vontade.<\/p><h3 data-section-id=\"rqg4i8\" data-start=\"984\" data-end=\"1006\">D\u00e1 o pr\u00f3ximo passo<\/h3><p data-start=\"1008\" data-end=\"1162\">Se queres fazer parte desta miss\u00e3o, preenche o formul\u00e1rio abaixo.<br data-start=\"1073\" data-end=\"1076\" \/>Vamos entrar em contacto contigo e mostrar-te como podes contribuir de forma concreta.<\/p><p data-start=\"1164\" data-end=\"1196\"><strong data-start=\"1167\" data-end=\"1196\">A mudan\u00e7a come\u00e7a contigo.<\/strong><\/p>\t\t\t\t\t\t\t\t<\/div>\n\t\t\t\t<\/div>\n\t\t\t\t<\/div>\n\t\t<div data-aos-once=\"true\" class=\"elementor-element elementor-element-b6c9a44 e-con-full e-flex e-con e-child\" data-id=\"b6c9a44\" data-element_type=\"container\" data-e-type=\"container\">\n\t\t<div data-aos-once=\"true\" class=\"elementor-element elementor-element-eadea9a e-con-full e-flex e-con e-child\" data-id=\"eadea9a\" data-element_type=\"container\" data-e-type=\"container\" data-settings=\"{&quot;background_background&quot;:&quot;classic&quot;}\">\n\t\t\t\t<div data-aos-once=\"true\" class=\"elementor-element elementor-element-847f99b elementor-widget elementor-widget-heading\" data-id=\"847f99b\" data-element_type=\"widget\" data-e-type=\"widget\" data-widget_type=\"heading.default\">\n\t\t\t\t\t<h4 class=\"elementor-heading-title elementor-size-default\">Ajudar Funda\u00e7\u00e3o !<\/h4>\t\t\t\t<\/div>\n\t\t\t\t<div data-aos-once=\"true\" class=\"elementor-element elementor-element-bb88cda elementor-widget elementor-widget-rs-cf7\" data-id=\"bb88cda\" data-element_type=\"widget\" data-e-type=\"widget\" data-widget_type=\"rs-cf7.default\">\n\t\t\t\t\t\n<div class=\"wpcf7 no-js\" id=\"wpcf7-f2888-o1\" lang=\"en-US\" dir=\"ltr\" data-wpcf7-id=\"2888\">\n<div class=\"screen-reader-response\"><p role=\"status\" aria-live=\"polite\" aria-atomic=\"true\"><\/p> <ul><\/ul><\/div>\n<form action=\"\/index.php\/wp-json\/wp\/v2\/pages\/5469#wpcf7-f2888-o1\" method=\"post\" class=\"wpcf7-form init\" aria-label=\"Contact form\" enctype=\"multipart\/form-data\" novalidate=\"novalidate\" data-status=\"init\">\n<fieldset class=\"hidden-fields-container\"><input type=\"hidden\" name=\"_wpcf7\" value=\"2888\" \/><input type=\"hidden\" name=\"_wpcf7_version\" value=\"6.1.5\" \/><input type=\"hidden\" name=\"_wpcf7_locale\" value=\"en_US\" \/><input type=\"hidden\" name=\"_wpcf7_unit_tag\" value=\"wpcf7-f2888-o1\" \/><input type=\"hidden\" name=\"_wpcf7_container_post\" value=\"0\" \/><input type=\"hidden\" name=\"_wpcf7_posted_data_hash\" value=\"\" \/>\n<\/fieldset>\n<div class=\"rs-grid rs-grid-cols-2 rs-gap-20 rs-mob-p:grid-cols-1\">\n \n <!-- Nome -->\n\t<div>\n\t\t<p><label>Nome*<\/label><br \/>\n<span class=\"wpcf7-form-control-wrap\" data-name=\"primeiro-nome\"><input size=\"40\" maxlength=\"400\" class=\"wpcf7-form-control wpcf7-text wpcf7-validates-as-required\" aria-required=\"true\" aria-invalid=\"false\" placeholder=\"O teu nome\" value=\"\" type=\"text\" name=\"primeiro-nome\" \/><\/span>\n\t\t<\/p>\n\t<\/div> \n\n <!-- Apelido -->\n\t<div>\n\t\t<p><label>Apelido*<\/label><br \/>\n<span class=\"wpcf7-form-control-wrap\" data-name=\"ultimo-nome\"><input size=\"40\" maxlength=\"400\" class=\"wpcf7-form-control wpcf7-text wpcf7-validates-as-required\" aria-required=\"true\" aria-invalid=\"false\" placeholder=\"O teu apelido\" value=\"\" type=\"text\" name=\"ultimo-nome\" \/><\/span>\n\t\t<\/p>\n\t<\/div>\n\n <!-- Email -->\n\t<div>\n\t\t<p><label>Email*<\/label><br \/>\n<span class=\"wpcf7-form-control-wrap\" data-name=\"teu-email\"><input size=\"40\" maxlength=\"400\" class=\"wpcf7-form-control wpcf7-email wpcf7-validates-as-required wpcf7-text wpcf7-validates-as-email\" aria-required=\"true\" aria-invalid=\"false\" placeholder=\"O teu email\" value=\"\" type=\"email\" name=\"teu-email\" \/><\/span>\n\t\t<\/p>\n\t<\/div>\n\n <!-- Telem\u00f3vel -->\n\t<div>\n\t\t<p><label>N\u00famero de Telem\u00f3vel*<\/label><br \/>\n<span class=\"wpcf7-form-control-wrap\" data-name=\"teu-telemovel\"><input size=\"40\" maxlength=\"400\" class=\"wpcf7-form-control wpcf7-text wpcf7-validates-as-required\" aria-required=\"true\" aria-invalid=\"false\" placeholder=\"O teu n\u00famero\" value=\"\" type=\"text\" name=\"teu-telemovel\" \/><\/span>\n\t\t<\/p>\n\t<\/div> \n\n <!-- Data de Nascimento -->\n\t<div>\n\t\t<p><label>Data de Nascimento*<\/label><br \/>\n<span class=\"wpcf7-form-control-wrap data-nascimento rs-cf7-field-extender-wrapper\">\r\n                <input class=\"wpcf7-form-control wpcf7-rs_datepicker rs-datepicker\" name=\"data-nascimento\" type=\"text\" placeholder=\"dd\/mm\/aaaa\" aria-invalid=\"false\" data-config=\"{&quot;mode&quot;:&quot;single&quot;,&quot;date_format&quot;:&quot;d-m-Y&quot;,&quot;min_date&quot;:&quot;&quot;,&quot;max_date&quot;:&quot;&quot;,&quot;default_date&quot;:&quot;&quot;}\" \/>\r\n            <\/span>\n\t\t<\/p>\n\t<\/div> \n\n <!-- G\u00e9nero -->\n\t<div>\n\t\t<p><label>G\u00e9nero*<\/label><br \/>\n<span class=\"wpcf7-form-control-wrap\" data-name=\"genero\"><select class=\"wpcf7-form-control wpcf7-select wpcf7-validates-as-required\" aria-required=\"true\" aria-invalid=\"false\" name=\"genero\"><option value=\"\">Selecionar<\/option><option value=\"Masculino\">Masculino<\/option><option value=\"Feminino\">Feminino<\/option><option value=\"Outro\">Outro<\/option><\/select><\/span>\n\t\t<\/p>\n\t<\/div>\n\n <!-- Pa\u00eds -->\n\t<div class=\"rs-col-span-2 rs-mob-p:col-span-1\">\n\t\t<p><label>Pa\u00eds*<\/label><br \/>\n<span class=\"wpcf7-form-control-wrap\" data-name=\"pais\"><input size=\"40\" maxlength=\"400\" class=\"wpcf7-form-control wpcf7-text wpcf7-validates-as-required\" aria-required=\"true\" aria-invalid=\"false\" placeholder=\"O teu pa\u00eds\" value=\"\" type=\"text\" name=\"pais\" \/><\/span>\n\t\t<\/p>\n\t<\/div> \n\n <!-- Sec\u00e7\u00e3o Interesse -->\n\t<div class=\"rs-col-span-2 rs-mob-p:col-span-1\">\n\t\t<h4 style=\"margin: 10px 0px 0px\">Como queres ajudar\n\t\t<\/h4>\n\t<\/div>\n\n <!-- Tipo de ajuda -->\n\t<div>\n\t\t<p><label>Tipo de contribui\u00e7\u00e3o*<\/label><br \/>\n<span class=\"wpcf7-form-control-wrap\" data-name=\"tipo-ajuda\"><select class=\"wpcf7-form-control wpcf7-select wpcf7-validates-as-required\" aria-required=\"true\" aria-invalid=\"false\" name=\"tipo-ajuda\"><option value=\"\">Selecionar op\u00e7\u00e3o<\/option><option value=\"Voluntariado\">Voluntariado<\/option><option value=\"Doa\u00e7\u00e3o\">Doa\u00e7\u00e3o<\/option><option value=\"Parcerias\">Parcerias<\/option><option value=\"Outro\">Outro<\/option><\/select><\/span>\n\t\t<\/p>\n\t<\/div>\n\n <!-- Disponibilidade -->\n\t<div>\n\t\t<p><label>Disponibilidade*<\/label><br \/>\n<span class=\"wpcf7-form-control-wrap\" data-name=\"disponibilidade\"><select class=\"wpcf7-form-control wpcf7-select wpcf7-validates-as-required\" aria-required=\"true\" aria-invalid=\"false\" name=\"disponibilidade\"><option value=\"\">Selecionar<\/option><option value=\"Algumas horas por semana\">Algumas horas por semana<\/option><option value=\"Fins de semana\">Fins de semana<\/option><option value=\"Tempo inteiro\">Tempo inteiro<\/option><option value=\"Pontual\">Pontual<\/option><\/select><\/span>\n\t\t<\/p>\n\t<\/div>\n\n <!-- \u00c1rea de interesse -->\n\t<div class=\"rs-col-span-2 rs-mob-p:col-span-1\">\n\t\t<p><label>\u00c1rea em que queres ajudar*<\/label><br \/>\n<span class=\"wpcf7-form-control-wrap\" data-name=\"area-ajuda\"><select class=\"wpcf7-form-control wpcf7-select wpcf7-validates-as-required\" aria-required=\"true\" aria-invalid=\"false\" name=\"area-ajuda\"><option value=\"\">Selecionar \u00e1rea<\/option><option value=\"Educa\u00e7\u00e3o\">Educa\u00e7\u00e3o<\/option><option value=\"Sa\u00fade\">Sa\u00fade<\/option><option value=\"Ambiente\">Ambiente<\/option><option value=\"Apoio social\">Apoio social<\/option><option value=\"Outro\">Outro<\/option><\/select><\/span>\n\t\t<\/p>\n\t<\/div>\n\n <!-- Experi\u00eancia -->\n\t<div class=\"rs-col-span-2 rs-mob-p:col-span-1\">\n\t\t<p><label>Tens experi\u00eancia anterior em voluntariado?<\/label><br \/>\n<span class=\"wpcf7-form-control-wrap\" data-name=\"experiencia\"><textarea cols=\"40\" rows=\"10\" maxlength=\"2000\" class=\"wpcf7-form-control wpcf7-textarea\" aria-invalid=\"false\" placeholder=\"Conta-nos um pouco sobre a tua experi\u00eancia (opcional)\" name=\"experiencia\"><\/textarea><\/span>\n\t\t<\/p>\n\t<\/div>\n\n <!-- Motiva\u00e7\u00e3o -->\n\t<div class=\"rs-col-span-2 rs-mob-p:col-span-1\">\n\t\t<p><label>Porque queres ajudar esta funda\u00e7\u00e3o?*<\/label><br \/>\n<span class=\"wpcf7-form-control-wrap\" data-name=\"motivacao\"><textarea cols=\"40\" rows=\"10\" maxlength=\"2000\" class=\"wpcf7-form-control wpcf7-textarea wpcf7-validates-as-required\" aria-required=\"true\" aria-invalid=\"false\" placeholder=\"Escreve a tua motiva\u00e7\u00e3o\" name=\"motivacao\"><\/textarea><\/span>\n\t\t<\/p>\n\t<\/div>\n\n <!-- Upload -->\n\t<div class=\"rs-col-span-2 rs-mob-p:col-span-1\">\n\t\t<div class=\"upload-field\">\n\t\t\t<p><label>Anexar ficheiro (opcional)<\/label><br \/>\n<span class=\"wpcf7-form-control-wrap\" data-name=\"upload-file\"><input size=\"40\" class=\"wpcf7-form-control wpcf7-file\" accept=\".pdf,image\/*,.doc\" aria-invalid=\"false\" type=\"file\" name=\"upload-file\" \/><\/span>\n\t\t\t<\/p>\n\t\t<\/div>\n\t<\/div>\n\n <!-- Bot\u00e3o -->\n\t<div class=\"rs-col-span-2 rs-mob-p:col-span-1 submit-area\">\n\t\t<div class=\"form-btn-area\">\n\t\t\t<p><input class=\"wpcf7-form-control wpcf7-submit has-spinner\" type=\"submit\" value=\"Quero Ajudar\" \/>\n\t\t\t<\/p>\n\t\t<\/div>\n\t<\/div>\n<\/div><div class=\"wpcf7-response-output\" aria-hidden=\"true\"><\/div>\n<\/form>\n<\/div>\n\t\t\t\t<\/div>\n\t\t\t\t<\/div>\n\t\t\t\t<\/div>\n\t\t\t\t\t<\/div>\n\t\t\t\t<\/div>\n\t\t\t\t<\/div>\n\t\t","protected":false},"excerpt":{"rendered":"<p>H\u00e1 pessoas que precisam. E h\u00e1 pessoas que querem fazer alguma coisa sobre isso.Se est\u00e1s aqui, j\u00e1 deste o primeiro passo. Como podes ajudar Podes contribuir de v\u00e1rias formas: Voluntariado \u2013 D\u00e1 o teu tempo e as tuas compet\u00eancias Doa\u00e7\u00f5es \u2013 Apoia financeiramente os projetos Parcerias \u2013 Junta-te a n\u00f3s com a tua empresa ou [&hellip;]<\/p>\n","protected":false},"author":1,"featured_media":0,"parent":0,"menu_order":0,"comment_status":"closed","ping_status":"closed","template":"","meta":{"footnotes":""},"class_list":["post-5469","page","type-page","status-publish","hentry"],"yoast_head":"<!-- This site is optimized with the Yoast SEO plugin v27.5 - https:\/\/yoast.com\/product\/yoast-seo-wordpress\/ -->\n<title>Quero Ajudar - Funda\u00e7\u00e3o Vieira Gomes<\/title>\n<meta name=\"description\" content=\"Quero Ajudar\" \/>\n<meta name=\"robots\" content=\"index, follow, max-snippet:-1, max-image-preview:large, max-video-preview:-1\" \/>\n<link rel=\"canonical\" href=\"https:\/\/fluxodigital.fuvigo.com\/index.php\/quero-ajudar\/\" \/>\n<meta property=\"og:locale\" content=\"pt_PT\" \/>\n<meta property=\"og:type\" content=\"article\" \/>\n<meta property=\"og:title\" content=\"Quero Ajudar - Funda\u00e7\u00e3o Vieira Gomes\" \/>\n<meta property=\"og:description\" content=\"Quero Ajudar\" \/>\n<meta property=\"og:url\" content=\"https:\/\/fluxodigital.fuvigo.com\/index.php\/quero-ajudar\/\" \/>\n<meta property=\"og:site_name\" content=\"Funda\u00e7\u00e3o Vieira Gomes\" \/>\n<meta property=\"article:modified_time\" content=\"2026-03-20T09:15:47+00:00\" \/>\n<meta name=\"twitter:card\" content=\"summary_large_image\" \/>\n<meta name=\"twitter:label1\" content=\"Tempo estimado de leitura\" \/>\n\t<meta name=\"twitter:data1\" content=\"2 minutos\" \/>\n<script type=\"application\/ld+json\" class=\"yoast-schema-graph\">{\"@context\":\"https:\\\/\\\/schema.org\",\"@graph\":[{\"@type\":\"WebPage\",\"@id\":\"https:\\\/\\\/fluxodigital.fuvigo.com\\\/index.php\\\/quero-ajudar\\\/\",\"url\":\"https:\\\/\\\/fluxodigital.fuvigo.com\\\/index.php\\\/quero-ajudar\\\/\",\"name\":\"Quero Ajudar - Funda\u00e7\u00e3o Vieira Gomes\",\"isPartOf\":{\"@id\":\"https:\\\/\\\/fluxodigital.fuvigo.com\\\/#website\"},\"datePublished\":\"2025-11-26T06:50:20+00:00\",\"dateModified\":\"2026-03-20T09:15:47+00:00\",\"description\":\"Quero Ajudar\",\"breadcrumb\":{\"@id\":\"https:\\\/\\\/fluxodigital.fuvigo.com\\\/index.php\\\/quero-ajudar\\\/#breadcrumb\"},\"inLanguage\":\"pt-PT\",\"potentialAction\":[{\"@type\":\"ReadAction\",\"target\":[\"https:\\\/\\\/fluxodigital.fuvigo.com\\\/index.php\\\/quero-ajudar\\\/\"]}]},{\"@type\":\"BreadcrumbList\",\"@id\":\"https:\\\/\\\/fluxodigital.fuvigo.com\\\/index.php\\\/quero-ajudar\\\/#breadcrumb\",\"itemListElement\":[{\"@type\":\"ListItem\",\"position\":1,\"name\":\"In\u00edcio\",\"item\":\"https:\\\/\\\/fluxodigital.fuvigo.com\\\/\"},{\"@type\":\"ListItem\",\"position\":2,\"name\":\"Quero Ajudar\"}]},{\"@type\":\"WebSite\",\"@id\":\"https:\\\/\\\/fluxodigital.fuvigo.com\\\/#website\",\"url\":\"https:\\\/\\\/fluxodigital.fuvigo.com\\\/\",\"name\":\"Funda\u00e7\u00e3o Vieira Gomes\",\"description\":\"\",\"potentialAction\":[{\"@type\":\"SearchAction\",\"target\":{\"@type\":\"EntryPoint\",\"urlTemplate\":\"https:\\\/\\\/fluxodigital.fuvigo.com\\\/?s={search_term_string}\"},\"query-input\":{\"@type\":\"PropertyValueSpecification\",\"valueRequired\":true,\"valueName\":\"search_term_string\"}}],\"inLanguage\":\"pt-PT\"}]}<\/script>\n<!-- \/ Yoast SEO plugin. -->","yoast_head_json":{"title":"Quero Ajudar - Funda\u00e7\u00e3o Vieira Gomes","description":"Quero Ajudar","robots":{"index":"index","follow":"follow","max-snippet":"max-snippet:-1","max-image-preview":"max-image-preview:large","max-video-preview":"max-video-preview:-1"},"canonical":"https:\/\/fluxodigital.fuvigo.com\/index.php\/quero-ajudar\/","og_locale":"pt_PT","og_type":"article","og_title":"Quero Ajudar - Funda\u00e7\u00e3o Vieira Gomes","og_description":"Quero Ajudar","og_url":"https:\/\/fluxodigital.fuvigo.com\/index.php\/quero-ajudar\/","og_site_name":"Funda\u00e7\u00e3o Vieira Gomes","article_modified_time":"2026-03-20T09:15:47+00:00","twitter_card":"summary_large_image","twitter_misc":{"Tempo estimado de leitura":"2 minutos"},"schema":{"@context":"https:\/\/schema.org","@graph":[{"@type":"WebPage","@id":"https:\/\/fluxodigital.fuvigo.com\/index.php\/quero-ajudar\/","url":"https:\/\/fluxodigital.fuvigo.com\/index.php\/quero-ajudar\/","name":"Quero Ajudar - Funda\u00e7\u00e3o Vieira Gomes","isPartOf":{"@id":"https:\/\/fluxodigital.fuvigo.com\/#website"},"datePublished":"2025-11-26T06:50:20+00:00","dateModified":"2026-03-20T09:15:47+00:00","description":"Quero Ajudar","breadcrumb":{"@id":"https:\/\/fluxodigital.fuvigo.com\/index.php\/quero-ajudar\/#breadcrumb"},"inLanguage":"pt-PT","potentialAction":[{"@type":"ReadAction","target":["https:\/\/fluxodigital.fuvigo.com\/index.php\/quero-ajudar\/"]}]},{"@type":"BreadcrumbList","@id":"https:\/\/fluxodigital.fuvigo.com\/index.php\/quero-ajudar\/#breadcrumb","itemListElement":[{"@type":"ListItem","position":1,"name":"In\u00edcio","item":"https:\/\/fluxodigital.fuvigo.com\/"},{"@type":"ListItem","position":2,"name":"Quero Ajudar"}]},{"@type":"WebSite","@id":"https:\/\/fluxodigital.fuvigo.com\/#website","url":"https:\/\/fluxodigital.fuvigo.com\/","name":"Funda\u00e7\u00e3o Vieira Gomes","description":"","potentialAction":[{"@type":"SearchAction","target":{"@type":"EntryPoint","urlTemplate":"https:\/\/fluxodigital.fuvigo.com\/?s={search_term_string}"},"query-input":{"@type":"PropertyValueSpecification","valueRequired":true,"valueName":"search_term_string"}}],"inLanguage":"pt-PT"}]}},"_links":{"self":[{"href":"https:\/\/fluxodigital.fuvigo.com\/index.php\/wp-json\/wp\/v2\/pages\/5469","targetHints":{"allow":["GET"]}}],"collection":[{"href":"https:\/\/fluxodigital.fuvigo.com\/index.php\/wp-json\/wp\/v2\/pages"}],"about":[{"href":"https:\/\/fluxodigital.fuvigo.com\/index.php\/wp-json\/wp\/v2\/types\/page"}],"author":[{"embeddable":true,"href":"https:\/\/fluxodigital.fuvigo.com\/index.php\/wp-json\/wp\/v2\/users\/1"}],"replies":[{"embeddable":true,"href":"https:\/\/fluxodigital.fuvigo.com\/index.php\/wp-json\/wp\/v2\/comments?post=5469"}],"version-history":[{"count":6,"href":"https:\/\/fluxodigital.fuvigo.com\/index.php\/wp-json\/wp\/v2\/pages\/5469\/revisions"}],"predecessor-version":[{"id":172671,"href":"https:\/\/fluxodigital.fuvigo.com\/index.php\/wp-json\/wp\/v2\/pages\/5469\/revisions\/172671"}],"wp:attachment":[{"href":"https:\/\/fluxodigital.fuvigo.com\/index.php\/wp-json\/wp\/v2\/media?parent=5469"}],"curies":[{"name":"wp","href":"https:\/\/api.w.org\/{rel}","templated":true}]}}