{"id":55,"date":"2025-11-04T07:01:48","date_gmt":"2025-11-04T07:01:48","guid":{"rendered":"http:\/\/192.168.0.138:10059\/blue\/?page_id=55"},"modified":"2026-03-17T15:24:45","modified_gmt":"2026-03-17T15:24:45","slug":"contacto","status":"publish","type":"page","link":"https:\/\/fluxodigital.fuvigo.com\/index.php\/contacto\/","title":{"rendered":"Contacto"},"content":{"rendered":"\t\t<div data-elementor-type=\"wp-page\" data-elementor-id=\"55\" class=\"elementor elementor-55\">\n\t\t\t\t<div data-aos-once=\"true\" class=\"elementor-element elementor-element-67b6f78 e-flex e-con-boxed e-con e-parent\" data-id=\"67b6f78\" data-element_type=\"container\" data-e-type=\"container\" data-settings=\"{&quot;background_background&quot;:&quot;classic&quot;}\">\n\t\t\t\t\t<div class=\"e-con-inner\">\n\t\t\t\t<div data-aos-once=\"true\" class=\"elementor-element elementor-element-d46eca0 elementor-widget__width-initial elementor-widget-laptop__width-initial elementor-widget-tablet__width-inherit elementor-widget elementor-widget-rstb-page-title\" data-id=\"d46eca0\" data-element_type=\"widget\" data-e-type=\"widget\" data-widget_type=\"rstb-page-title.default\">\n\t\t\t\t\t<h1 class=\"rstb-page-title\"><\/h1>\t\t\t\t<\/div>\n\t\t\t\t<div data-aos-once=\"true\" class=\"elementor-element elementor-element-d1f480c elementor-widget elementor-widget-rs-divider\" data-id=\"d1f480c\" data-element_type=\"widget\" data-e-type=\"widget\" data-widget_type=\"rs-divider.default\">\n\t\t\t\t\t        <div class=\"rs-divider dot-enable\">\r\n            <span> <\/span>\r\n\t\t\t        <\/div>\r\n\t\t\t\t\t\t<\/div>\n\t\t\t\t<div data-aos-once=\"true\" class=\"elementor-element elementor-element-45d6f68 elementor-widget__width-initial elementor-widget elementor-widget-text-editor\" data-id=\"45d6f68\" data-element_type=\"widget\" data-e-type=\"widget\" data-widget_type=\"text-editor.default\">\n\t\t\t\t\t\t\t\t\t<p>Bem-vindo \u00e0 Funda\u00e7\u00e3o Vieira Gomes, um espa\u00e7o dedicado ao cuidado e educa\u00e7\u00e3o das crian\u00e7as. Somos uma IPSS com mais de .. anos de experi\u00eancia, localizada na cidade de Braga.<\/p>\t\t\t\t\t\t\t\t<\/div>\n\t\t\t\t\t<\/div>\n\t\t\t\t<\/div>\n\t\t<div data-aos-once=\"true\" class=\"elementor-element elementor-element-6a3c146 e-flex e-con-boxed e-con e-parent\" data-id=\"6a3c146\" data-element_type=\"container\" data-e-type=\"container\" data-settings=\"{&quot;background_background&quot;:&quot;classic&quot;}\">\n\t\t\t\t\t<div class=\"e-con-inner\">\n\t\t<div data-aos-once=\"true\" class=\"elementor-element elementor-element-c60b253 e-con-full e-flex e-con e-child\" data-id=\"c60b253\" data-element_type=\"container\" data-e-type=\"container\">\n\t\t<div data-aos-once=\"true\" class=\"elementor-element elementor-element-67f7c80 e-con-full e-flex e-con e-child\" data-id=\"67f7c80\" data-element_type=\"container\" data-e-type=\"container\" data-settings=\"{&quot;background_background&quot;:&quot;classic&quot;}\">\n\t\t\t\t<div data-aos-once=\"true\" class=\"elementor-element elementor-element-509ddac elementor-view-default elementor-mobile-position-block-start elementor-widget elementor-widget-icon-box\" data-id=\"509ddac\" data-element_type=\"widget\" data-e-type=\"widget\" data-widget_type=\"icon-box.default\">\n\t\t\t\t\t\t\t<div class=\"elementor-icon-box-wrapper\">\n\n\t\t\t\t\t\t<div class=\"elementor-icon-box-icon\">\n\t\t\t\t<span  class=\"elementor-icon\">\n\t\t\t\t<svg aria-hidden=\"true\" class=\"e-font-icon-svg e-fas-mail-bulk\" viewBox=\"0 0 576 512\" xmlns=\"http:\/\/www.w3.org\/2000\/svg\"><path d=\"M160 448c-25.6 0-51.2-22.4-64-32-64-44.8-83.2-60.8-96-70.4V480c0 17.67 14.33 32 32 32h256c17.67 0 32-14.33 32-32V345.6c-12.8 9.6-32 25.6-96 70.4-12.8 9.6-38.4 32-64 32zm128-192H32c-17.67 0-32 14.33-32 32v16c25.6 19.2 22.4 19.2 115.2 86.4 9.6 6.4 28.8 25.6 44.8 25.6s35.2-19.2 44.8-22.4c92.8-67.2 89.6-67.2 115.2-86.4V288c0-17.67-14.33-32-32-32zm256-96H224c-17.67 0-32 14.33-32 32v32h96c33.21 0 60.59 25.42 63.71 57.82l.29-.22V416h192c17.67 0 32-14.33 32-32V192c0-17.67-14.33-32-32-32zm-32 128h-64v-64h64v64zm-352-96c0-35.29 28.71-64 64-64h224V32c0-17.67-14.33-32-32-32H96C78.33 0 64 14.33 64 32v192h96v-32z\"><\/path><\/svg>\t\t\t\t<\/span>\n\t\t\t<\/div>\n\t\t\t\n\t\t\t\t\t\t<div class=\"elementor-icon-box-content\">\n\n\t\t\t\t\t\t\t\t\t<h3 class=\"elementor-icon-box-title\">\n\t\t\t\t\t\t<span  >\n\t\t\t\t\t\t\tEmail\t\t\t\t\t\t<\/span>\n\t\t\t\t\t<\/h3>\n\t\t\t\t\n\t\t\t\t\t\t\t\t\t<p class=\"elementor-icon-box-description\">\n\t\t\t\t\t\t<a href=\"mailto:geral@fuvigo.com\">geral@fuvigo.com <\/a><br><a href=\"mailto:fuvigo@fuvigo.com\">fuvigo@fuvigo.com <\/a><br>\t\t\t\t\t<\/p>\n\t\t\t\t\n\t\t\t<\/div>\n\t\t\t\n\t\t<\/div>\n\t\t\t\t\t\t<\/div>\n\t\t\t\t<\/div>\n\t\t<div data-aos-once=\"true\" class=\"elementor-element elementor-element-778278a e-con-full e-flex e-con e-child\" data-id=\"778278a\" data-element_type=\"container\" data-e-type=\"container\" data-settings=\"{&quot;background_background&quot;:&quot;classic&quot;}\">\n\t\t\t\t<div data-aos-once=\"true\" class=\"elementor-element elementor-element-f19ddc4 elementor-view-default elementor-mobile-position-block-start elementor-widget elementor-widget-icon-box\" data-id=\"f19ddc4\" data-element_type=\"widget\" data-e-type=\"widget\" data-widget_type=\"icon-box.default\">\n\t\t\t\t\t\t\t<div class=\"elementor-icon-box-wrapper\">\n\n\t\t\t\t\t\t<div class=\"elementor-icon-box-icon\">\n\t\t\t\t<span  class=\"elementor-icon\">\n\t\t\t\t<svg aria-hidden=\"true\" class=\"e-font-icon-svg e-fas-phone-alt\" viewBox=\"0 0 512 512\" xmlns=\"http:\/\/www.w3.org\/2000\/svg\"><path d=\"M497.39 361.8l-112-48a24 24 0 0 0-28 6.9l-49.6 60.6A370.66 370.66 0 0 1 130.6 204.11l60.6-49.6a23.94 23.94 0 0 0 6.9-28l-48-112A24.16 24.16 0 0 0 122.6.61l-104 24A24 24 0 0 0 0 48c0 256.5 207.9 464 464 464a24 24 0 0 0 23.4-18.6l24-104a24.29 24.29 0 0 0-14.01-27.6z\"><\/path><\/svg>\t\t\t\t<\/span>\n\t\t\t<\/div>\n\t\t\t\n\t\t\t\t\t\t<div class=\"elementor-icon-box-content\">\n\n\t\t\t\t\t\t\t\t\t<h3 class=\"elementor-icon-box-title\">\n\t\t\t\t\t\t<span  >\n\t\t\t\t\t\t\tTelefone \t\t\t\t\t\t<\/span>\n\t\t\t\t\t<\/h3>\n\t\t\t\t\n\t\t\t\t\t\t\t\t\t<p class=\"elementor-icon-box-description\">\n\t\t\t\t\t\t<a href=\"tel:+351253307310\">253 307 310<\/a><br>\n\t\t\t\t\t<\/p>\n\t\t\t\t\n\t\t\t<\/div>\n\t\t\t\n\t\t<\/div>\n\t\t\t\t\t\t<\/div>\n\t\t\t\t<\/div>\n\t\t<div data-aos-once=\"true\" class=\"elementor-element elementor-element-37bb625 e-con-full e-flex e-con e-child\" data-id=\"37bb625\" data-element_type=\"container\" data-e-type=\"container\" data-settings=\"{&quot;background_background&quot;:&quot;classic&quot;}\">\n\t\t\t\t<div data-aos-once=\"true\" class=\"elementor-element elementor-element-2c5bc9c elementor-view-default elementor-mobile-position-block-start elementor-widget elementor-widget-icon-box\" data-id=\"2c5bc9c\" data-element_type=\"widget\" data-e-type=\"widget\" data-widget_type=\"icon-box.default\">\n\t\t\t\t\t\t\t<div class=\"elementor-icon-box-wrapper\">\n\n\t\t\t\t\t\t<div class=\"elementor-icon-box-icon\">\n\t\t\t\t<span  class=\"elementor-icon\">\n\t\t\t\t<svg aria-hidden=\"true\" class=\"e-font-icon-svg e-fas-location-arrow\" viewBox=\"0 0 512 512\" xmlns=\"http:\/\/www.w3.org\/2000\/svg\"><path d=\"M444.52 3.52L28.74 195.42c-47.97 22.39-31.98 92.75 19.19 92.75h175.91v175.91c0 51.17 70.36 67.17 92.75 19.19l191.9-415.78c15.99-38.39-25.59-79.97-63.97-63.97z\"><\/path><\/svg>\t\t\t\t<\/span>\n\t\t\t<\/div>\n\t\t\t\n\t\t\t\t\t\t<div class=\"elementor-icon-box-content\">\n\n\t\t\t\t\t\t\t\t\t<h3 class=\"elementor-icon-box-title\">\n\t\t\t\t\t\t<span  >\n\t\t\t\t\t\t\tMorada\t\t\t\t\t\t<\/span>\n\t\t\t\t\t<\/h3>\n\t\t\t\t\n\t\t\t\t\t\t\t\t\t<p class=\"elementor-icon-box-description\">\n\t\t\t\t\t\tRua Costa Gomes n\u00ba 32, Real, Braga\t\t\t\t\t<\/p>\n\t\t\t\t\n\t\t\t<\/div>\n\t\t\t\n\t\t<\/div>\n\t\t\t\t\t\t<\/div>\n\t\t\t\t<\/div>\n\t\t\t\t<\/div>\n\t\t<div data-aos-once=\"true\" class=\"elementor-element elementor-element-2322d81 e-con-full e-flex e-con e-child\" data-id=\"2322d81\" data-element_type=\"container\" data-e-type=\"container\">\n\t\t<div data-aos-once=\"true\" class=\"elementor-element elementor-element-d298540 e-con-full e-flex e-con e-child\" data-id=\"d298540\" data-element_type=\"container\" data-e-type=\"container\" data-settings=\"{&quot;background_background&quot;:&quot;classic&quot;}\">\n\t\t\t\t<div data-aos-once=\"true\" class=\"elementor-element elementor-element-7bec069 elementor-widget elementor-widget-heading\" data-id=\"7bec069\" data-element_type=\"widget\" data-e-type=\"widget\" data-widget_type=\"heading.default\">\n\t\t\t\t\t<h2 class=\"elementor-heading-title elementor-size-default\">Contacto<\/h2>\t\t\t\t<\/div>\n\t\t\t\t<div data-aos-once=\"true\" class=\"elementor-element elementor-element-ec3c314 elementor-widget elementor-widget-rs-cf7\" data-id=\"ec3c314\" data-element_type=\"widget\" data-e-type=\"widget\" data-widget_type=\"rs-cf7.default\">\n\t\t\t\t\t\n<div class=\"wpcf7 no-js\" id=\"wpcf7-f10156-o1\" lang=\"en-US\" dir=\"ltr\" data-wpcf7-id=\"10156\">\n<div class=\"screen-reader-response\"><p role=\"status\" aria-live=\"polite\" aria-atomic=\"true\"><\/p> <ul><\/ul><\/div>\n<form action=\"\/index.php\/wp-json\/wp\/v2\/pages\/55#wpcf7-f10156-o1\" method=\"post\" class=\"wpcf7-form init\" aria-label=\"Contact form\" novalidate=\"novalidate\" data-status=\"init\">\n<fieldset class=\"hidden-fields-container\"><input type=\"hidden\" name=\"_wpcf7\" value=\"10156\" \/><input type=\"hidden\" name=\"_wpcf7_version\" value=\"6.1.5\" \/><input type=\"hidden\" name=\"_wpcf7_locale\" value=\"en_US\" \/><input type=\"hidden\" name=\"_wpcf7_unit_tag\" value=\"wpcf7-f10156-o1\" \/><input type=\"hidden\" name=\"_wpcf7_container_post\" value=\"0\" \/><input type=\"hidden\" name=\"_wpcf7_posted_data_hash\" value=\"\" \/>\n<\/fieldset>\n<div class=\"rs-grid rs-grid-cols-2 rs-gap-20 rs-mob-p:grid-cols-1\">\n \n <!-- First Name -->\n\t<div>\n\t\t<p><span class=\"wpcf7-form-control-wrap\" data-name=\"first-name\"><input size=\"40\" maxlength=\"400\" class=\"wpcf7-form-control wpcf7-text wpcf7-validates-as-required\" aria-required=\"true\" aria-invalid=\"false\" placeholder=\"Primeiro Nome*\" value=\"\" type=\"text\" name=\"first-name\" \/><\/span>\n\t\t<\/p>\n\t<\/div>\n\n <!-- Last Name -->\n\t<div>\n\t\t<p><span class=\"wpcf7-form-control-wrap\" data-name=\"last-name\"><input size=\"40\" maxlength=\"400\" class=\"wpcf7-form-control wpcf7-text wpcf7-validates-as-required\" aria-required=\"true\" aria-invalid=\"false\" placeholder=\"Apelido*\" value=\"\" type=\"text\" name=\"last-name\" \/><\/span>\n\t\t<\/p>\n\t<\/div>\n\n <!-- Email Address -->\n\t<div class=\"rs-col-span-2 rs-mob-p:col-span-1\">\n\t\t<p><span class=\"wpcf7-form-control-wrap\" data-name=\"your-email\"><input size=\"40\" maxlength=\"400\" class=\"wpcf7-form-control wpcf7-email wpcf7-validates-as-required wpcf7-text wpcf7-validates-as-email\" aria-required=\"true\" aria-invalid=\"false\" placeholder=\"Email*\" value=\"\" type=\"email\" name=\"your-email\" \/><\/span>\n\t\t<\/p>\n\t<\/div>\n\n <!-- Message -->\n\t<div class=\"rs-col-span-2 rs-mob-p:col-span-1\">\n\t\t<p><span class=\"wpcf7-form-control-wrap\" data-name=\"your-message\"><textarea cols=\"40\" rows=\"10\" maxlength=\"2000\" class=\"wpcf7-form-control wpcf7-textarea wpcf7-validates-as-required\" aria-required=\"true\" aria-invalid=\"false\" placeholder=\"Escrever mensagem... *\" name=\"your-message\"><\/textarea><\/span>\n\t\t<\/p>\n\t<\/div>\n\n <!-- Consent -->\n\t<div class=\"rs-col-span-2 rs-mob-p:col-span-1\">\n\t\t<p><span class=\"wpcf7-form-control-wrap\" data-name=\"your-consent\"><span class=\"wpcf7-form-control wpcf7-acceptance\"><span class=\"wpcf7-list-item\"><label><input type=\"checkbox\" name=\"your-consent\" value=\"1\" aria-invalid=\"false\" \/><span class=\"wpcf7-list-item-label\">Salvar o meu nome e e-mail no navegador para a pr\u00f3xima vez<\/span><\/label><\/span><\/span><\/span>\n\t\t<\/p>\n\t<\/div>\n\n <!-- Submit Button -->\n\t<div class=\"rs-col-span-2 rs-mob-p:col-span-1\">\n\t\t<div class=\"form-btn-area\">\n\t\t\t<p><input class=\"wpcf7-form-control wpcf7-submit has-spinner\" type=\"submit\" value=\"Enviar Agora\" \/>\n\t\t\t<\/p>\n\t\t<\/div>\n\t<\/div>\n<\/div><div class=\"wpcf7-response-output\" aria-hidden=\"true\"><\/div>\n<\/form>\n<\/div>\n\t\t\t\t<\/div>\n\t\t\t\t<\/div>\n\t\t<div data-aos-once=\"true\" class=\"elementor-element elementor-element-45e9ccc e-con-full e-flex e-con e-child\" data-id=\"45e9ccc\" data-element_type=\"container\" data-e-type=\"container\">\n\t\t\t\t<div data-aos-once=\"true\" class=\"elementor-element elementor-element-0880475 elementor-widget elementor-widget-html\" data-id=\"0880475\" data-element_type=\"widget\" data-e-type=\"widget\" data-widget_type=\"html.default\">\n\t\t\t\t\t<iframe src=\"https:\/\/www.google.com\/maps\/embed?pb=!4v1772795768909!6m8!1m7!1sh99e7tqZwCbufX2dYcQz9Q!2m2!1d41.55638232064437!2d-8.441610698884187!3f359.6499279769526!4f-0.35740889353591854!5f0.7820865974627469\" width=\"600\" height=\"450\" style=\"border:0;\" allowfullscreen=\"\" loading=\"lazy\" referrerpolicy=\"no-referrer-when-downgrade\"><\/iframe>\t\t\t\t<\/div>\n\t\t\t\t<\/div>\n\t\t\t\t<\/div>\n\t\t\t\t\t<\/div>\n\t\t\t\t<\/div>\n\t\t\t\t<\/div>\n\t\t","protected":false},"excerpt":{"rendered":"<p>Bem-vindo \u00e0 Funda\u00e7\u00e3o Vieira Gomes, um espa\u00e7o dedicado ao cuidado e educa\u00e7\u00e3o das crian\u00e7as. Somos uma IPSS com mais de .. anos de experi\u00eancia, localizada na cidade de Braga. Email geral@fuvigo.com fuvigo@fuvigo.com Telefone 253 307 310 Morada Rua Costa Gomes n\u00ba 32, Real, Braga Contacto Save my name &amp; email into browser for the next [&hellip;]<\/p>\n","protected":false},"author":1,"featured_media":0,"parent":0,"menu_order":0,"comment_status":"closed","ping_status":"closed","template":"","meta":{"footnotes":""},"class_list":["post-55","page","type-page","status-publish","hentry"],"yoast_head":"<!-- This site is optimized with the Yoast SEO plugin v27.5 - https:\/\/yoast.com\/product\/yoast-seo-wordpress\/ -->\n<title>Contacto - Funda\u00e7\u00e3o Vieira Gomes<\/title>\n<meta name=\"robots\" content=\"index, follow, max-snippet:-1, max-image-preview:large, max-video-preview:-1\" \/>\n<link rel=\"canonical\" href=\"https:\/\/fluxodigital.fuvigo.com\/index.php\/contacto\/\" \/>\n<meta property=\"og:locale\" content=\"pt_PT\" \/>\n<meta property=\"og:type\" content=\"article\" \/>\n<meta property=\"og:title\" content=\"Contacto - Funda\u00e7\u00e3o Vieira Gomes\" \/>\n<meta property=\"og:description\" content=\"Bem-vindo \u00e0 Funda\u00e7\u00e3o Vieira Gomes, um espa\u00e7o dedicado ao cuidado e educa\u00e7\u00e3o das crian\u00e7as. Somos uma IPSS com mais de .. anos de experi\u00eancia, localizada na cidade de Braga. Email geral@fuvigo.com fuvigo@fuvigo.com Telefone 253 307 310 Morada Rua Costa Gomes n\u00ba 32, Real, Braga Contacto Save my name &amp; email into browser for the next [&hellip;]\" \/>\n<meta property=\"og:url\" content=\"https:\/\/fluxodigital.fuvigo.com\/index.php\/contacto\/\" \/>\n<meta property=\"og:site_name\" content=\"Funda\u00e7\u00e3o Vieira Gomes\" \/>\n<meta property=\"article:modified_time\" content=\"2026-03-17T15:24:45+00:00\" \/>\n<meta name=\"twitter:card\" content=\"summary_large_image\" \/>\n<meta name=\"twitter:label1\" content=\"Tempo estimado de leitura\" \/>\n\t<meta name=\"twitter:data1\" content=\"1 minuto\" \/>\n<script type=\"application\/ld+json\" class=\"yoast-schema-graph\">{\"@context\":\"https:\\\/\\\/schema.org\",\"@graph\":[{\"@type\":\"WebPage\",\"@id\":\"https:\\\/\\\/fluxodigital.fuvigo.com\\\/index.php\\\/contacto\\\/\",\"url\":\"https:\\\/\\\/fluxodigital.fuvigo.com\\\/index.php\\\/contacto\\\/\",\"name\":\"Contacto - Funda\u00e7\u00e3o Vieira Gomes\",\"isPartOf\":{\"@id\":\"https:\\\/\\\/fluxodigital.fuvigo.com\\\/#website\"},\"datePublished\":\"2025-11-04T07:01:48+00:00\",\"dateModified\":\"2026-03-17T15:24:45+00:00\",\"breadcrumb\":{\"@id\":\"https:\\\/\\\/fluxodigital.fuvigo.com\\\/index.php\\\/contacto\\\/#breadcrumb\"},\"inLanguage\":\"pt-PT\",\"potentialAction\":[{\"@type\":\"ReadAction\",\"target\":[\"https:\\\/\\\/fluxodigital.fuvigo.com\\\/index.php\\\/contacto\\\/\"]}]},{\"@type\":\"BreadcrumbList\",\"@id\":\"https:\\\/\\\/fluxodigital.fuvigo.com\\\/index.php\\\/contacto\\\/#breadcrumb\",\"itemListElement\":[{\"@type\":\"ListItem\",\"position\":1,\"name\":\"In\u00edcio\",\"item\":\"https:\\\/\\\/fluxodigital.fuvigo.com\\\/\"},{\"@type\":\"ListItem\",\"position\":2,\"name\":\"Contacto\"}]},{\"@type\":\"WebSite\",\"@id\":\"https:\\\/\\\/fluxodigital.fuvigo.com\\\/#website\",\"url\":\"https:\\\/\\\/fluxodigital.fuvigo.com\\\/\",\"name\":\"Funda\u00e7\u00e3o Vieira Gomes\",\"description\":\"\",\"potentialAction\":[{\"@type\":\"SearchAction\",\"target\":{\"@type\":\"EntryPoint\",\"urlTemplate\":\"https:\\\/\\\/fluxodigital.fuvigo.com\\\/?s={search_term_string}\"},\"query-input\":{\"@type\":\"PropertyValueSpecification\",\"valueRequired\":true,\"valueName\":\"search_term_string\"}}],\"inLanguage\":\"pt-PT\"}]}<\/script>\n<!-- \/ Yoast SEO plugin. -->","yoast_head_json":{"title":"Contacto - Funda\u00e7\u00e3o Vieira Gomes","robots":{"index":"index","follow":"follow","max-snippet":"max-snippet:-1","max-image-preview":"max-image-preview:large","max-video-preview":"max-video-preview:-1"},"canonical":"https:\/\/fluxodigital.fuvigo.com\/index.php\/contacto\/","og_locale":"pt_PT","og_type":"article","og_title":"Contacto - Funda\u00e7\u00e3o Vieira Gomes","og_description":"Bem-vindo \u00e0 Funda\u00e7\u00e3o Vieira Gomes, um espa\u00e7o dedicado ao cuidado e educa\u00e7\u00e3o das crian\u00e7as. Somos uma IPSS com mais de .. anos de experi\u00eancia, localizada na cidade de Braga. Email geral@fuvigo.com fuvigo@fuvigo.com Telefone 253 307 310 Morada Rua Costa Gomes n\u00ba 32, Real, Braga Contacto Save my name &amp; email into browser for the next [&hellip;]","og_url":"https:\/\/fluxodigital.fuvigo.com\/index.php\/contacto\/","og_site_name":"Funda\u00e7\u00e3o Vieira Gomes","article_modified_time":"2026-03-17T15:24:45+00:00","twitter_card":"summary_large_image","twitter_misc":{"Tempo estimado de leitura":"1 minuto"},"schema":{"@context":"https:\/\/schema.org","@graph":[{"@type":"WebPage","@id":"https:\/\/fluxodigital.fuvigo.com\/index.php\/contacto\/","url":"https:\/\/fluxodigital.fuvigo.com\/index.php\/contacto\/","name":"Contacto - Funda\u00e7\u00e3o Vieira Gomes","isPartOf":{"@id":"https:\/\/fluxodigital.fuvigo.com\/#website"},"datePublished":"2025-11-04T07:01:48+00:00","dateModified":"2026-03-17T15:24:45+00:00","breadcrumb":{"@id":"https:\/\/fluxodigital.fuvigo.com\/index.php\/contacto\/#breadcrumb"},"inLanguage":"pt-PT","potentialAction":[{"@type":"ReadAction","target":["https:\/\/fluxodigital.fuvigo.com\/index.php\/contacto\/"]}]},{"@type":"BreadcrumbList","@id":"https:\/\/fluxodigital.fuvigo.com\/index.php\/contacto\/#breadcrumb","itemListElement":[{"@type":"ListItem","position":1,"name":"In\u00edcio","item":"https:\/\/fluxodigital.fuvigo.com\/"},{"@type":"ListItem","position":2,"name":"Contacto"}]},{"@type":"WebSite","@id":"https:\/\/fluxodigital.fuvigo.com\/#website","url":"https:\/\/fluxodigital.fuvigo.com\/","name":"Funda\u00e7\u00e3o Vieira Gomes","description":"","potentialAction":[{"@type":"SearchAction","target":{"@type":"EntryPoint","urlTemplate":"https:\/\/fluxodigital.fuvigo.com\/?s={search_term_string}"},"query-input":{"@type":"PropertyValueSpecification","valueRequired":true,"valueName":"search_term_string"}}],"inLanguage":"pt-PT"}]}},"_links":{"self":[{"href":"https:\/\/fluxodigital.fuvigo.com\/index.php\/wp-json\/wp\/v2\/pages\/55","targetHints":{"allow":["GET"]}}],"collection":[{"href":"https:\/\/fluxodigital.fuvigo.com\/index.php\/wp-json\/wp\/v2\/pages"}],"about":[{"href":"https:\/\/fluxodigital.fuvigo.com\/index.php\/wp-json\/wp\/v2\/types\/page"}],"author":[{"embeddable":true,"href":"https:\/\/fluxodigital.fuvigo.com\/index.php\/wp-json\/wp\/v2\/users\/1"}],"replies":[{"embeddable":true,"href":"https:\/\/fluxodigital.fuvigo.com\/index.php\/wp-json\/wp\/v2\/comments?post=55"}],"version-history":[{"count":7,"href":"https:\/\/fluxodigital.fuvigo.com\/index.php\/wp-json\/wp\/v2\/pages\/55\/revisions"}],"predecessor-version":[{"id":172497,"href":"https:\/\/fluxodigital.fuvigo.com\/index.php\/wp-json\/wp\/v2\/pages\/55\/revisions\/172497"}],"wp:attachment":[{"href":"https:\/\/fluxodigital.fuvigo.com\/index.php\/wp-json\/wp\/v2\/media?parent=55"}],"curies":[{"name":"wp","href":"https:\/\/api.w.org\/{rel}","templated":true}]}}